{"id":30699,"date":"2023-07-20T04:54:39","date_gmt":"2023-07-20T08:54:39","guid":{"rendered":"https:\/\/digitogy.com\/?page_id=30699"},"modified":"2023-07-20T04:54:39","modified_gmt":"2023-07-20T08:54:39","slug":"sahiplik-aciklamasi","status":"publish","type":"page","link":"https:\/\/digitogy.com\/tr\/sahiplik-aciklamasi\/","title":{"rendered":"Sahiplik A\u00e7\u0131klamas\u0131"},"content":{"rendered":"<p>Digitogy.com&#8217;un sahibi ve i\u015fletmecisi <strong>Affiliare Inc<\/strong>.&#8217;dir. \u0130\u00e7eri\u011fimizde \u015feffafl\u0131k ve b\u00fct\u00fcnl\u00fck sa\u011flayarak okuyucular\u0131m\u0131za tarafs\u0131z incelemeler ve makaleler sunmaya kararl\u0131y\u0131z.<\/p>\n<p>Makalelerimiz \u00e7e\u015fitli \u00fcr\u00fcnlerden, hizmetlerden, uzmanlardan ve daha fazlas\u0131ndan bahsedebilir veya bunlara at\u0131fta bulunabilir, ancak bu, bahsedilen kurulu\u015flar\u0131n bu \u00fcr\u00fcnleri veya hizmetleri onaylad\u0131\u011f\u0131 veya sa\u011flad\u0131klar\u0131 bilgilerin do\u011frulu\u011funu garanti etti\u011fi anlam\u0131na gelmez.<\/p>\n<p>Okuyucular\u0131n bilin\u00e7li kararlar almas\u0131na yard\u0131mc\u0131 olmak i\u00e7in nesnel bak\u0131\u015f a\u00e7\u0131lar\u0131 ve fikirler sunmaya \u00e7al\u0131\u015f\u0131yoruz.<\/p>\n<p>Okuyucular\u0131m\u0131z\u0131, herhangi bir \u00fcr\u00fcn veya hizmet sat\u0131n almadan \u00f6nce kapsaml\u0131 ara\u015ft\u0131rma yapmalar\u0131n\u0131 ve birden fazla kayna\u011fa ba\u015fvurmalar\u0131n\u0131 \u015fiddetle tavsiye ediyoruz. Yaz\u0131lar\u0131m\u0131zda sadece referanslara dayanmak, konunun tam olarak anla\u015f\u0131lmas\u0131n\u0131 sa\u011flamayabilir.<\/p>\n<p>M\u00fclkiyet bildirimimiz hakk\u0131nda herhangi bir sorunuz veya endi\u015feniz varsa, l\u00fctfen <a href=\"mailto:info@affiliareinc.com\" target=\"_blank\" rel=\"nofollow noopener noreferrer\">info@affiliareinc.com<\/a> adresine bir mesaj g\u00f6ndermekten \u00e7ekinmeyin. Size yard\u0131mc\u0131 olmak ve gerekli bilgileri sa\u011flamak i\u00e7in buraday\u0131z.<\/p>\n<p>Digitogy&#8217;yi ziyaret etti\u011finiz i\u00e7in te\u015fekk\u00fcr ederiz ve sahiplik ve inceleme s\u00fcrecimizi anlaman\u0131z\u0131 takdir ederiz.<\/p>\n","protected":false},"excerpt":{"rendered":"<p>Digitogy.com&#8217;un sahibi ve i\u015fletmecisi Affiliare Inc.&#8217;dir. \u0130\u00e7eri\u011fimizde \u015feffafl\u0131k ve b\u00fct\u00fcnl\u00fck sa\u011flayarak okuyucular\u0131m\u0131za tarafs\u0131z incelemeler ve makaleler sunmaya kararl\u0131y\u0131z. Makalelerimiz \u00e7e\u015fitli \u00fcr\u00fcnlerden, hizmetlerden, uzmanlardan ve daha fazlas\u0131ndan bahsedebilir veya bunlara at\u0131fta bulunabilir, ancak bu, bahsedilen kurulu\u015flar\u0131n bu \u00fcr\u00fcnleri veya hizmetleri onaylad\u0131\u011f\u0131 veya sa\u011flad\u0131klar\u0131 bilgilerin do\u011frulu\u011funu garanti etti\u011fi anlam\u0131na gelmez. Okuyucular\u0131n bilin\u00e7li kararlar almas\u0131na yard\u0131mc\u0131 olmak i\u00e7in [&hellip;]<\/p>\n","protected":false},"author":95,"featured_media":0,"parent":0,"menu_order":0,"comment_status":"closed","ping_status":"closed","template":"","meta":{"om_disable_all_campaigns":false,"footnotes":""},"sgf-content-tag":[942,217],"sgf-seo-push":[],"class_list":["post-30699","page","type-page","status-publish","hentry"],"yoast_head":"<!-- This site is optimized with the Yoast SEO plugin v24.9 - https:\/\/yoast.com\/wordpress\/plugins\/seo\/ -->\n<title>Sahiplik A\u00e7\u0131klamas\u0131 | Digitogy.com<\/title>\n<meta name=\"description\" content=\"Digitogy.com&#039;un sahibi ve i\u015fletmecisi Affiliare Inc.&#039;dir. \u0130\u00e7eri\u011fimizde \u015feffafl\u0131k ve b\u00fct\u00fcnl\u00fck sa\u011flayarak okuyucular\u0131m\u0131za tarafs\u0131z incelemeler ve makaleler\" \/>\n<meta name=\"robots\" content=\"index, follow, max-snippet:-1, max-image-preview:large, max-video-preview:-1\" \/>\n<link rel=\"canonical\" href=\"https:\/\/digitogy.com\/tr\/sahiplik-aciklamasi\/\" \/>\n<meta property=\"og:locale\" content=\"tr_TR\" \/>\n<meta property=\"og:type\" content=\"article\" \/>\n<meta property=\"og:title\" content=\"Sahiplik A\u00e7\u0131klamas\u0131 | Digitogy.com\" \/>\n<meta property=\"og:description\" content=\"Digitogy.com&#039;un sahibi ve i\u015fletmecisi Affiliare Inc.&#039;dir. \u0130\u00e7eri\u011fimizde \u015feffafl\u0131k ve b\u00fct\u00fcnl\u00fck sa\u011flayarak okuyucular\u0131m\u0131za tarafs\u0131z incelemeler ve makaleler\" \/>\n<meta property=\"og:url\" content=\"https:\/\/digitogy.com\/tr\/sahiplik-aciklamasi\/\" \/>\n<meta property=\"og:site_name\" content=\"Digitogy.com\" \/>\n<meta property=\"article:publisher\" content=\"https:\/\/www.facebook.com\/digitogy\" \/>\n<meta name=\"twitter:card\" content=\"summary_large_image\" \/>\n<!-- \/ Yoast SEO plugin. -->","yoast_head_json":{"title":"Sahiplik A\u00e7\u0131klamas\u0131 | Digitogy.com","description":"Digitogy.com'un sahibi ve i\u015fletmecisi Affiliare Inc.'dir. \u0130\u00e7eri\u011fimizde \u015feffafl\u0131k ve b\u00fct\u00fcnl\u00fck sa\u011flayarak okuyucular\u0131m\u0131za tarafs\u0131z incelemeler ve makaleler","robots":{"index":"index","follow":"follow","max-snippet":"max-snippet:-1","max-image-preview":"max-image-preview:large","max-video-preview":"max-video-preview:-1"},"canonical":"https:\/\/digitogy.com\/tr\/sahiplik-aciklamasi\/","og_locale":"tr_TR","og_type":"article","og_title":"Sahiplik A\u00e7\u0131klamas\u0131 | Digitogy.com","og_description":"Digitogy.com'un sahibi ve i\u015fletmecisi Affiliare Inc.'dir. \u0130\u00e7eri\u011fimizde \u015feffafl\u0131k ve b\u00fct\u00fcnl\u00fck sa\u011flayarak okuyucular\u0131m\u0131za tarafs\u0131z incelemeler ve makaleler","og_url":"https:\/\/digitogy.com\/tr\/sahiplik-aciklamasi\/","og_site_name":"Digitogy.com","article_publisher":"https:\/\/www.facebook.com\/digitogy","twitter_card":"summary_large_image","schema":{"@context":"https:\/\/schema.org","@graph":[{"@type":"WebPage","@id":"https:\/\/digitogy.com\/tr\/sahiplik-aciklamasi\/","url":"https:\/\/digitogy.com\/tr\/sahiplik-aciklamasi\/","name":"Sahiplik A\u00e7\u0131klamas\u0131 | Digitogy.com","isPartOf":{"@id":"https:\/\/digitogy.com\/tr\/#website"},"datePublished":"2023-07-20T08:54:39+00:00","description":"Digitogy.com'un sahibi ve i\u015fletmecisi Affiliare Inc.'dir. \u0130\u00e7eri\u011fimizde \u015feffafl\u0131k ve b\u00fct\u00fcnl\u00fck sa\u011flayarak okuyucular\u0131m\u0131za tarafs\u0131z incelemeler ve makaleler","breadcrumb":{"@id":"https:\/\/digitogy.com\/tr\/sahiplik-aciklamasi\/#breadcrumb"},"inLanguage":"tr","potentialAction":[{"@type":"ReadAction","target":["https:\/\/digitogy.com\/tr\/sahiplik-aciklamasi\/"]}]},{"@type":"BreadcrumbList","@id":"https:\/\/digitogy.com\/tr\/sahiplik-aciklamasi\/#breadcrumb","itemListElement":[{"@type":"ListItem","position":1,"name":"Home","item":"https:\/\/digitogy.com\/tr\/"},{"@type":"ListItem","position":2,"name":"Sahiplik A\u00e7\u0131klamas\u0131"}]},{"@type":"WebSite","@id":"https:\/\/digitogy.com\/tr\/#website","url":"https:\/\/digitogy.com\/tr\/","name":"Digitogy.com","description":"Digital Technology Magazine","publisher":{"@id":"https:\/\/digitogy.com\/tr\/#organization"},"potentialAction":[{"@type":"SearchAction","target":{"@type":"EntryPoint","urlTemplate":"https:\/\/digitogy.com\/tr\/?s={search_term_string}"},"query-input":{"@type":"PropertyValueSpecification","valueRequired":true,"valueName":"search_term_string"}}],"inLanguage":"tr"},{"@type":"Organization","@id":"https:\/\/digitogy.com\/tr\/#organization","name":"Digitogy.com","url":"https:\/\/digitogy.com\/tr\/","logo":{"@type":"ImageObject","inLanguage":"tr","@id":"https:\/\/digitogy.com\/tr\/#\/schema\/logo\/image\/","url":"https:\/\/digitogy.com\/wp-content\/uploads\/2018\/09\/digitogy.png","contentUrl":"https:\/\/digitogy.com\/wp-content\/uploads\/2018\/09\/digitogy.png","width":150,"height":42,"caption":"Digitogy.com"},"image":{"@id":"https:\/\/digitogy.com\/tr\/#\/schema\/logo\/image\/"},"sameAs":["https:\/\/www.facebook.com\/digitogy","https:\/\/www.youtube.com\/channel\/UCxnYJov4KOmHIMt5TbhNsnQ?sub_confirmation=1"]}]}},"_links":{"self":[{"href":"https:\/\/digitogy.com\/tr\/wp-json\/wp\/v2\/pages\/30699","targetHints":{"allow":["GET"]}}],"collection":[{"href":"https:\/\/digitogy.com\/tr\/wp-json\/wp\/v2\/pages"}],"about":[{"href":"https:\/\/digitogy.com\/tr\/wp-json\/wp\/v2\/types\/page"}],"author":[{"embeddable":true,"href":"https:\/\/digitogy.com\/tr\/wp-json\/wp\/v2\/users\/95"}],"replies":[{"embeddable":true,"href":"https:\/\/digitogy.com\/tr\/wp-json\/wp\/v2\/comments?post=30699"}],"version-history":[{"count":3,"href":"https:\/\/digitogy.com\/tr\/wp-json\/wp\/v2\/pages\/30699\/revisions"}],"predecessor-version":[{"id":30703,"href":"https:\/\/digitogy.com\/tr\/wp-json\/wp\/v2\/pages\/30699\/revisions\/30703"}],"wp:attachment":[{"href":"https:\/\/digitogy.com\/tr\/wp-json\/wp\/v2\/media?parent=30699"}],"wp:term":[{"taxonomy":"sgf-content-tag","embeddable":true,"href":"https:\/\/digitogy.com\/tr\/wp-json\/wp\/v2\/sgf-content-tag?post=30699"},{"taxonomy":"sgf-seo-push","embeddable":true,"href":"https:\/\/digitogy.com\/tr\/wp-json\/wp\/v2\/sgf-seo-push?post=30699"}],"curies":[{"name":"wp","href":"https:\/\/api.w.org\/{rel}","templated":true}]}}