{"id":30622,"date":"2023-07-18T07:05:20","date_gmt":"2023-07-18T11:05:20","guid":{"rendered":"https:\/\/digitogy.com\/?page_id=30622"},"modified":"2023-07-18T07:05:20","modified_gmt":"2023-07-18T11:05:20","slug":"satis-ortakligi-feragatnamesi","status":"publish","type":"page","link":"https:\/\/digitogy.com\/tr\/satis-ortakligi-feragatnamesi\/","title":{"rendered":"Sat\u0131\u015f Ortakl\u0131\u011f\u0131 Feragatnamesi"},"content":{"rendered":"<p>Digitogy.com&#8217;da, baz\u0131 sayfalar\u0131m\u0131zda sat\u0131\u015f ortakl\u0131\u011f\u0131na kat\u0131labiliriz, bu da baz\u0131 sayfalar\u0131m\u0131zda sat\u0131\u015f orta\u011f\u0131 ba\u011flant\u0131lar\u0131 bulunabilece\u011fi anlam\u0131na gelir.<\/p>\n<p>Sitemizdeki bu ba\u011flant\u0131lar arac\u0131l\u0131\u011f\u0131yla bir sat\u0131n alma ger\u00e7ekle\u015ftirirseniz, bir komisyon alabiliriz. Bu komisyonlar, \u00e7e\u015fitli hizmetleri de\u011ferlendirmemizi ve test etmemizi sa\u011flar, b\u00f6ylece size do\u011fru bilgi ve de\u011ferli kaynaklar sunabiliriz.<\/p>\n<p>Ayn\u0131 zamanda ticari veya maddi bir niyet olmaks\u0131z\u0131n farkl\u0131 hizmetlere ve \u015firketlere ba\u011flant\u0131lar da sa\u011fl\u0131yoruz. Amac\u0131m\u0131z y\u00fcksek kaliteli i\u00e7erik ve kaynaklar\u0131 sunmak i\u00e7in gereken \u00e7al\u0131\u015fmay\u0131 desteklemek, ayn\u0131 zamanda ba\u011fl\u0131 kurulu\u015f ba\u011flant\u0131lar\u0131m\u0131z\u0131 kullan\u0131m\u0131m\u0131z konusunda \u015feffaf olmakt\u0131r.<\/p>\n<p>Bu ba\u011flant\u0131lar\u0131n dahil edilmesi, incelemelerimizin ve \u00f6nerilerimizin tarafs\u0131zl\u0131\u011f\u0131n\u0131 etkilemez.<\/p>\n<h2>Kullan\u0131c\u0131 Taraf\u0131ndan Olu\u015fturulan \u0130\u00e7erik Feragatnamesi<\/h2>\n<p>Do\u011fru ve g\u00fcncel bilgiler sunmaya \u00e7al\u0131\u015fsak da, mutlak eksiksizlik ve do\u011frulu\u011fu garanti edemeyiz.<\/p>\n<p>Web sitemizde sunulan bilgiler yaln\u0131zca genel ama\u00e7lar i\u00e7in olup profesyonel veya yasal tavsiye olarak de\u011ferlendirilmemelidir. Bilgilerimize dayanarak kararlar vermeden \u00f6nce nitelikli bir uzmana dan\u0131\u015fman\u0131z\u0131 ve kendi de\u011ferlendirmenizi yapman\u0131z\u0131 \u015fiddetle \u00f6neririz.<\/p>\n<p>\u00d6nemle vurgulamak isteriz ki, yasa d\u0131\u015f\u0131 faaliyetleri veya etik d\u0131\u015f\u0131 davran\u0131\u015flar\u0131 onaylam\u0131yoruz.<\/p>\n<p>Kullan\u0131c\u0131lar, ilgili yasalara ve d\u00fczenlemelere uymal\u0131 ve kendi eylemlerinden sorumludur. Web sitemizde sa\u011flanan bilgilerin kullan\u0131m\u0131ndan kaynaklanan herhangi bir sonu\u00e7tan dolay\u0131 hi\u00e7bir sorumluluk kabul etmiyoruz.<\/p>\n<p>Sitemizde kullan\u0131c\u0131 kat\u0131l\u0131m\u0131n\u0131, yorumlar ve g\u00f6nderiler dahil olmak \u00fczere te\u015fvik etsek de, Digitogy.com kullan\u0131c\u0131 taraf\u0131ndan olu\u015fturulan i\u00e7erikten sorumlu de\u011fildir. Uygun olmayan i\u00e7eri\u011fi inceleme, d\u00fczenleme veya kald\u0131rma hakk\u0131n\u0131 sakl\u0131 tutar\u0131z, ancak kullan\u0131c\u0131lar kendi katk\u0131lar\u0131ndan sorumludur.<\/p>\n<p>Ba\u011flant\u0131lar\u0131m\u0131z\u0131n ba\u011f\u0131ms\u0131zl\u0131k ve tarafs\u0131zl\u0131k sa\u011flamak amac\u0131yla, edit\u00f6rlerimiz aras\u0131nda yat\u0131r\u0131mlar veya ki\u015fisel ili\u015fkilerden kaynaklanan \u00e7\u0131kar \u00e7at\u0131\u015fmalar\u0131, yay\u0131n sorumluluklar\u0131n\u0131n hemen yeniden atanmas\u0131yla sonu\u00e7lan\u0131r.<\/p>\n<p>Editoryal ve pazarlama ekiplerimiz aras\u0131nda net bir ayr\u0131m sa\u011fl\u0131yoruz. Pazarlama ekibimiz, ba\u011fl\u0131 kurulu\u015f ba\u011flant\u0131lar\u0131n\u0131 ve harekete ge\u00e7irme \u00e7a\u011fr\u0131lar\u0131n\u0131 yerle\u015ftirme konusunda sorumludur, b\u00f6ylece kullan\u0131c\u0131lar bu ba\u011flant\u0131lar arac\u0131l\u0131\u011f\u0131yla sat\u0131n alma i\u015flemi ger\u00e7ekle\u015ftirdi\u011finde komisyon alabiliriz.<\/p>\n<p>Bu uygulama, okuyucular\u0131m\u0131za kaliteli ve bilgilendirici i\u00e7erik sunmam\u0131za olanak tan\u0131r.<\/p>\n<p>Digitogy.com&#8217;u kullanarak, bu ba\u011fl\u0131 kurulu\u015f ve kullan\u0131c\u0131 taraf\u0131ndan olu\u015fturulan i\u00e7erik reddi \u015fartlar\u0131n\u0131 kabul etti\u011finizi beyan ve kabul edersiniz.<\/p>\n","protected":false},"excerpt":{"rendered":"<p>Digitogy.com&#8217;da, baz\u0131 sayfalar\u0131m\u0131zda sat\u0131\u015f ortakl\u0131\u011f\u0131na kat\u0131labiliriz, bu da baz\u0131 sayfalar\u0131m\u0131zda sat\u0131\u015f orta\u011f\u0131 ba\u011flant\u0131lar\u0131 bulunabilece\u011fi anlam\u0131na gelir. Sitemizdeki bu ba\u011flant\u0131lar arac\u0131l\u0131\u011f\u0131yla bir sat\u0131n alma ger\u00e7ekle\u015ftirirseniz, bir komisyon alabiliriz. Bu komisyonlar, \u00e7e\u015fitli hizmetleri de\u011ferlendirmemizi ve test etmemizi sa\u011flar, b\u00f6ylece size do\u011fru bilgi ve de\u011ferli kaynaklar sunabiliriz. Ayn\u0131 zamanda ticari veya maddi bir niyet olmaks\u0131z\u0131n farkl\u0131 hizmetlere ve [&hellip;]<\/p>\n","protected":false},"author":95,"featured_media":0,"parent":0,"menu_order":0,"comment_status":"closed","ping_status":"closed","template":"","meta":{"om_disable_all_campaigns":false,"footnotes":""},"sgf-content-tag":[941,217],"sgf-seo-push":[],"class_list":["post-30622","page","type-page","status-publish","hentry"],"yoast_head":"<!-- This site is optimized with the Yoast SEO plugin v24.9 - https:\/\/yoast.com\/wordpress\/plugins\/seo\/ -->\n<title>Sat\u0131\u015f Ortakl\u0131\u011f\u0131 Feragatnamesi | Digitogy.com<\/title>\n<meta name=\"description\" content=\"Digitogy.com&#039;da, baz\u0131 sayfalar\u0131m\u0131zda sat\u0131\u015f ortakl\u0131\u011f\u0131na kat\u0131labiliriz, bu da baz\u0131 sayfalar\u0131m\u0131zda sat\u0131\u015f orta\u011f\u0131 ba\u011flant\u0131lar\u0131 bulunabilece\u011fi anlam\u0131na gelir.\" \/>\n<meta name=\"robots\" content=\"index, follow, max-snippet:-1, max-image-preview:large, max-video-preview:-1\" \/>\n<link rel=\"canonical\" href=\"https:\/\/digitogy.com\/tr\/satis-ortakligi-feragatnamesi\/\" \/>\n<meta property=\"og:locale\" content=\"tr_TR\" \/>\n<meta property=\"og:type\" content=\"article\" \/>\n<meta property=\"og:title\" content=\"Sat\u0131\u015f Ortakl\u0131\u011f\u0131 Feragatnamesi | Digitogy.com\" \/>\n<meta property=\"og:description\" content=\"Digitogy.com&#039;da, baz\u0131 sayfalar\u0131m\u0131zda sat\u0131\u015f ortakl\u0131\u011f\u0131na kat\u0131labiliriz, bu da baz\u0131 sayfalar\u0131m\u0131zda sat\u0131\u015f orta\u011f\u0131 ba\u011flant\u0131lar\u0131 bulunabilece\u011fi anlam\u0131na gelir.\" \/>\n<meta property=\"og:url\" content=\"https:\/\/digitogy.com\/tr\/satis-ortakligi-feragatnamesi\/\" \/>\n<meta property=\"og:site_name\" content=\"Digitogy.com\" \/>\n<meta property=\"article:publisher\" content=\"https:\/\/www.facebook.com\/digitogy\" \/>\n<meta name=\"twitter:card\" content=\"summary_large_image\" \/>\n<!-- \/ Yoast SEO plugin. -->","yoast_head_json":{"title":"Sat\u0131\u015f Ortakl\u0131\u011f\u0131 Feragatnamesi | Digitogy.com","description":"Digitogy.com'da, baz\u0131 sayfalar\u0131m\u0131zda sat\u0131\u015f ortakl\u0131\u011f\u0131na kat\u0131labiliriz, bu da baz\u0131 sayfalar\u0131m\u0131zda sat\u0131\u015f orta\u011f\u0131 ba\u011flant\u0131lar\u0131 bulunabilece\u011fi anlam\u0131na gelir.","robots":{"index":"index","follow":"follow","max-snippet":"max-snippet:-1","max-image-preview":"max-image-preview:large","max-video-preview":"max-video-preview:-1"},"canonical":"https:\/\/digitogy.com\/tr\/satis-ortakligi-feragatnamesi\/","og_locale":"tr_TR","og_type":"article","og_title":"Sat\u0131\u015f Ortakl\u0131\u011f\u0131 Feragatnamesi | Digitogy.com","og_description":"Digitogy.com'da, baz\u0131 sayfalar\u0131m\u0131zda sat\u0131\u015f ortakl\u0131\u011f\u0131na kat\u0131labiliriz, bu da baz\u0131 sayfalar\u0131m\u0131zda sat\u0131\u015f orta\u011f\u0131 ba\u011flant\u0131lar\u0131 bulunabilece\u011fi anlam\u0131na gelir.","og_url":"https:\/\/digitogy.com\/tr\/satis-ortakligi-feragatnamesi\/","og_site_name":"Digitogy.com","article_publisher":"https:\/\/www.facebook.com\/digitogy","twitter_card":"summary_large_image","schema":{"@context":"https:\/\/schema.org","@graph":[{"@type":"WebPage","@id":"https:\/\/digitogy.com\/tr\/satis-ortakligi-feragatnamesi\/","url":"https:\/\/digitogy.com\/tr\/satis-ortakligi-feragatnamesi\/","name":"Sat\u0131\u015f Ortakl\u0131\u011f\u0131 Feragatnamesi | Digitogy.com","isPartOf":{"@id":"https:\/\/digitogy.com\/tr\/#website"},"datePublished":"2023-07-18T11:05:20+00:00","description":"Digitogy.com'da, baz\u0131 sayfalar\u0131m\u0131zda sat\u0131\u015f ortakl\u0131\u011f\u0131na kat\u0131labiliriz, bu da baz\u0131 sayfalar\u0131m\u0131zda sat\u0131\u015f orta\u011f\u0131 ba\u011flant\u0131lar\u0131 bulunabilece\u011fi anlam\u0131na gelir.","breadcrumb":{"@id":"https:\/\/digitogy.com\/tr\/satis-ortakligi-feragatnamesi\/#breadcrumb"},"inLanguage":"tr","potentialAction":[{"@type":"ReadAction","target":["https:\/\/digitogy.com\/tr\/satis-ortakligi-feragatnamesi\/"]}]},{"@type":"BreadcrumbList","@id":"https:\/\/digitogy.com\/tr\/satis-ortakligi-feragatnamesi\/#breadcrumb","itemListElement":[{"@type":"ListItem","position":1,"name":"Home","item":"https:\/\/digitogy.com\/tr\/"},{"@type":"ListItem","position":2,"name":"Sat\u0131\u015f Ortakl\u0131\u011f\u0131 Feragatnamesi"}]},{"@type":"WebSite","@id":"https:\/\/digitogy.com\/tr\/#website","url":"https:\/\/digitogy.com\/tr\/","name":"Digitogy.com","description":"Digital Technology Magazine","publisher":{"@id":"https:\/\/digitogy.com\/tr\/#organization"},"potentialAction":[{"@type":"SearchAction","target":{"@type":"EntryPoint","urlTemplate":"https:\/\/digitogy.com\/tr\/?s={search_term_string}"},"query-input":{"@type":"PropertyValueSpecification","valueRequired":true,"valueName":"search_term_string"}}],"inLanguage":"tr"},{"@type":"Organization","@id":"https:\/\/digitogy.com\/tr\/#organization","name":"Digitogy.com","url":"https:\/\/digitogy.com\/tr\/","logo":{"@type":"ImageObject","inLanguage":"tr","@id":"https:\/\/digitogy.com\/tr\/#\/schema\/logo\/image\/","url":"https:\/\/digitogy.com\/wp-content\/uploads\/2018\/09\/digitogy.png","contentUrl":"https:\/\/digitogy.com\/wp-content\/uploads\/2018\/09\/digitogy.png","width":150,"height":42,"caption":"Digitogy.com"},"image":{"@id":"https:\/\/digitogy.com\/tr\/#\/schema\/logo\/image\/"},"sameAs":["https:\/\/www.facebook.com\/digitogy","https:\/\/www.youtube.com\/channel\/UCxnYJov4KOmHIMt5TbhNsnQ?sub_confirmation=1"]}]}},"_links":{"self":[{"href":"https:\/\/digitogy.com\/tr\/wp-json\/wp\/v2\/pages\/30622","targetHints":{"allow":["GET"]}}],"collection":[{"href":"https:\/\/digitogy.com\/tr\/wp-json\/wp\/v2\/pages"}],"about":[{"href":"https:\/\/digitogy.com\/tr\/wp-json\/wp\/v2\/types\/page"}],"author":[{"embeddable":true,"href":"https:\/\/digitogy.com\/tr\/wp-json\/wp\/v2\/users\/95"}],"replies":[{"embeddable":true,"href":"https:\/\/digitogy.com\/tr\/wp-json\/wp\/v2\/comments?post=30622"}],"version-history":[{"count":3,"href":"https:\/\/digitogy.com\/tr\/wp-json\/wp\/v2\/pages\/30622\/revisions"}],"predecessor-version":[{"id":30654,"href":"https:\/\/digitogy.com\/tr\/wp-json\/wp\/v2\/pages\/30622\/revisions\/30654"}],"wp:attachment":[{"href":"https:\/\/digitogy.com\/tr\/wp-json\/wp\/v2\/media?parent=30622"}],"wp:term":[{"taxonomy":"sgf-content-tag","embeddable":true,"href":"https:\/\/digitogy.com\/tr\/wp-json\/wp\/v2\/sgf-content-tag?post=30622"},{"taxonomy":"sgf-seo-push","embeddable":true,"href":"https:\/\/digitogy.com\/tr\/wp-json\/wp\/v2\/sgf-seo-push?post=30622"}],"curies":[{"name":"wp","href":"https:\/\/api.w.org\/{rel}","templated":true}]}}