{"id":27347,"date":"2022-09-20T03:55:14","date_gmt":"2022-09-20T07:55:14","guid":{"rendered":"https:\/\/digitogy.com\/?page_id=27347"},"modified":"2023-08-07T05:50:52","modified_gmt":"2023-08-07T09:50:52","slug":"hakkimizda","status":"publish","type":"page","link":"https:\/\/digitogy.com\/tr\/hakkimizda\/","title":{"rendered":"Hakk\u0131m\u0131zda"},"content":{"rendered":"<h2>Digitogy Nedir?<\/h2>\n<p>Digitogy.com, \u00fcr\u00fcnlerle ilgili aldat\u0131c\u0131 spam i\u00e7ermeyen tarafs\u0131z incelemeler sunmay\u0131 taahh\u00fct eden bir teknoloji odakl\u0131 bir web sitesidir.<\/p>\n<p>\u0130nternetin ileti\u015fim ihtiya\u00e7lar\u0131m\u0131z\u0131 kar\u015f\u0131lama konusundaki \u00f6nemini ve etkile\u015fimlerimizi devrim niteli\u011finde de\u011fi\u015ftirdi\u011fini anl\u0131yoruz.<\/p>\n<p>Temel amac\u0131m\u0131z, okuyucular\u0131m\u0131za ki\u015fisel olarak test etti\u011fimiz ve kulland\u0131\u011f\u0131m\u0131z \u00e7e\u015fitli gadgetlar hakk\u0131nda ger\u00e7ek ve kapsaml\u0131 de\u011ferlendirmeler sunmakt\u0131r.<\/p>\n<p><a href=\"https:\/\/digitogy.com\/tr\/\">Digitogy.com<\/a> olarak, okuyucular\u0131m\u0131za g\u00fcvenebilecekleri eri\u015filebilir, d\u00fcr\u00fcst ve g\u00fcvenilir i\u00e7erik sunmaktan gurur duyuyoruz.<\/p>\n<h2>Web Sitesi Ge\u00e7mi\u015fi<\/h2>\n<p>Digitogy.com&#8217;nun k\u00f6kenleri 2019&#8217;a dayanmaktad\u0131r, teknoloji tutkunlar\u0131n\u0131n bir araya geldi\u011fi bir grup, t\u00fcketicilerle s\u00fcrekli evrilen teknoloji d\u00fcnyas\u0131 aras\u0131ndaki bo\u015flu\u011fu kapatma ihtiyac\u0131n\u0131 fark etti\u011finde ortaya \u00e7\u0131kt\u0131.<\/p>\n<p>Digitogy.com olarak, \u00f6zverili ekibimiz yaln\u0131zca kullan\u0131c\u0131lar\u0131 en g\u00fcncel ve etkili g\u00fcvenlik \u00f6nlemleri konusunda bilgilendirmekle kalmam\u0131\u015f, ayn\u0131 zamanda fark\u0131ndal\u0131klar\u0131n\u0131 art\u0131rmaya ve g\u00fcvenli uygulamalar\u0131 te\u015fvik etmeye kararl\u0131d\u0131r.<\/p>\n<p>Amac\u0131m\u0131z, bu platformun okuyucular\u0131 g\u00fc\u00e7lendirmesi, onlara teknoloji edinirken iyi bilgilendirilmi\u015f se\u00e7imler yapabilmeleri i\u00e7in gerekli i\u00e7g\u00f6r\u00fcleri sa\u011flamas\u0131d\u0131r.<\/p>\n<p>Zaman ilerledik\u00e7e, Digitogy.com ekibi i\u00e7erik deposunu geni\u015fletti ve kapsaml\u0131 materyallerle zenginle\u015ftirdi.<\/p>\n<p>Bug\u00fcn web sitemiz kapsaml\u0131 bir merkeze d\u00f6n\u00fc\u015fm\u00fc\u015f durumda, cihaz \u00f6nerileri, \u00f6zel indirimler, etkileyici f\u0131rsatlar ve g\u00fcvenilir \u00fcr\u00fcn de\u011ferlendirmeleri de dahil olmak \u00fczere zengin kaynaklar sunuyor.<\/p>\n<p>Bireyler aras\u0131ndaki teknolojik yetkinli\u011fin farkl\u0131l\u0131k g\u00f6sterebilece\u011finin fark\u0131nda olarak, Digitogy.com olarak i\u00e7eri\u011fimizi a\u00e7\u0131k ve karma\u015f\u0131ks\u0131z bir dilde ifade etmeye gayret ediyoruz, b\u00f6ylece sunulan bilgilerden maksimum fayda sa\u011flamak i\u00e7in t\u00fcm okuyucular\u0131n eri\u015febilirli\u011fini sa\u011fl\u0131yoruz.<\/p>\n<p>Web sitesi s\u00fcrekli olarak kullan\u0131c\u0131 dostu ve kolay gezilebilir hale getirilmekte, i\u00e7erik ise en g\u00fcncel end\u00fcstri trendlerine ayak uydurmak i\u00e7in d\u00fczenli olarak g\u00fcncellenmektedir.<\/p>\n<h2>Yazarlar\u0131m\u0131zla Tan\u0131\u015f\u0131n<\/h2>\n<p>Ekibimiz ortak bir ilgi payla\u015f\u0131yor: geli\u015fen teknolojiye derin bir tutku. Sad\u0131k okuyucular ve \u00f6zverili ara\u015ft\u0131rmac\u0131lar olarak, teknoloji alan\u0131ndaki t\u00fcm trend konular\u0131 yak\u0131ndan takip ediyoruz. Bizimle, bilgi eksikli\u011fi ya\u015famazs\u0131n\u0131z.<\/p>\n<p>Aramalar\u0131n\u0131z\u0131n g\u00fcvenilir ellerde oldu\u011funu temin ederiz. \u00d6nerdi\u011fimiz \u00fcr\u00fcnler, sadece i\u00e7g\u00fcd\u00fclerimize dayanmaz, ayn\u0131 zamanda kapsaml\u0131 kar\u015f\u0131la\u015ft\u0131rmal\u0131 analizlere ve sekt\u00f6r uzmanlar\u0131n\u0131n fikir birli\u011fine dayan\u0131r.<\/p>\n<p>Teknik incelemelerin kapsaml\u0131 bir koleksiyonunu tek bir yerde bir araya getiriyoruz.<\/p>\n\t\t\t<style>.authors-list-cols-dir-horizontal .authors-list-col{display:block;float:left;margin-right:3.42%}.authors-list-cols-dir-horizontal .authors-list-col-1{width:5.198%}.authors-list-cols-dir-horizontal .authors-list-col-2{width:13.81%}.authors-list-cols-dir-horizontal .authors-list-col-3{width:22.43%}.authors-list-cols-dir-horizontal .authors-list-col-4{width:31.05%}.authors-list-cols-dir-horizontal .authors-list-col-5{width:39.67%}.authors-list-cols-dir-horizontal .authors-list-col-6{width:48.29%}.authors-list-cols-dir-horizontal .authors-list-col-7{width:56.9%}.authors-list-cols-dir-horizontal .authors-list-col-8{width:65.52%}.authors-list-cols-dir-horizontal .authors-list-col-9{width:74.14%}.authors-list-cols-dir-horizontal .authors-list-col-10{width:82.76%}.authors-list-cols-dir-horizontal .authors-list-col-11{width:91.38%}.authors-list-cols-dir-horizontal .authors-list-col-12{width:100%}.authors-list-cols-dir-horizontal .authors-list-col-last{margin-right:0}.authors-list-cols-dir-horizontal .authors-list-col-first{clear:both}.authors-list-cols-dir-horizontal.authors-list-cols-2 .authors-list-col:nth-child(2n){margin-right:0}.authors-list-cols-dir-horizontal.authors-list-cols-2 .authors-list-col:nth-child(2n+1){clear:both}.authors-list-cols-dir-horizontal.authors-list-cols-3 .authors-list-col:nth-child(3n){margin-right:0}.authors-list-cols-dir-horizontal.authors-list-cols-3 .authors-list-col:nth-child(3n+1){clear:both}.authors-list-cols-dir-horizontal.authors-list-cols-4 .authors-list-col:nth-child(4n){margin-right:0}.authors-list-cols-dir-horizontal.authors-list-cols-4 .authors-list-col:nth-child(4n+1){clear:both}.authors-list-cols-dir-vertical{column-gap:3.42%}.authors-list-cols-dir-vertical.authors-list-cols-2{column-count:2}.authors-list-cols-dir-vertical.authors-list-cols-3{column-count:3}.authors-list-cols-dir-vertical.authors-list-cols-3{column-count:3}.authors-list-cols-dir-vertical.authors-list-cols-4{column-count:4}.authors-list-clearfix:after,.authors-list-clearfix:before{content:\" \";display:table}.authors-list-clearfix:after{clear:both}.authors-list-item{margin-bottom:30px;position:relative}.authors-list-cols-dir-vertical .authors-list-item{break-inside:avoid-column;page-break-inside:avoid}.authors-list-item-thumbnail{margin-bottom:20px;position:relative}.authors-list-item-thumbnail a,.authors-list-item-thumbnail img{display:block;position:relative;border:0}.authors-list-item-thumbnail img{max-width:100%;height:auto;border-radius:inherit;}.authors-list-item-title{font-size:22px;font-weight:700;margin-bottom:5px}.authors-list-item-title a{color:inherit}.authors-list-item-subtitle{margin-bottom:5px;font-size:80%}.authors-list-item-social{margin-bottom:10px}.authors-list-item-social a{font-size:15px;margin-right:5px;text-decoration:none}.authors-list-item-social svg{width:15px}.authors-list-item-social-facebook{fill:#3b5998}.authors-list-item-social-instagram{fill:#405de6}.authors-list-item-social-linkedin{fill:#0077b5}.authors-list-item-social-pinterest{fill:#bd081c}.authors-list-item-social-tumblr{fill:#35465c}.authors-list-item-social-twitter{fill:#1da1f2}.authors-list-item-social-youtube{fill:red}.authors-list-item-social-tiktok{fill:#1e3050}.authors-list-item-excerpt{margin-bottom:10px}.authors-list-items-s2 .authors-list-item-main{position:absolute;bottom:0;left:0;right:0;padding:30px;color:#fff;background:rgba(0,0,0,.3)}.authors-list-items-s2 .authors-list-item-thumbnail{margin-bottom:0}.authors-list-items-s2 .authors-list-item-title{color:inherit}.authors-list-items-s2 .authors-list-item-link{color:inherit}.authors-list-items-s3 .authors-list-item-thumbnail{margin-bottom:0}.authors-list-items-s3 .authors-list-item-main{position:absolute;bottom:0;left:0;right:0;top:0;padding:30px;opacity:0;transform:scale(0);transition:all .3s;background:#fff;border:2px solid #eee}.authors-list-items-s3 .authors-list-item:hover .authors-list-item-main{opacity:1;transform:scale(1)}.authors-list-items-s4 .authors-list-item-thumbnail{float:left;margin-right:20px;width:25%}.authors-list-item-s4 .authors-list-item-main{overflow:hidden}.author-list-item-after-avatar,.author-list-item-after-bio,.author-list-item-after-count,.author-list-item-after-link,.author-list-item-after-title,.author-list-item-before-avatar,.author-list-item-before-bio,.author-list-item-before-count,.author-list-item-before-link,.author-list-item-before-title{margin-bottom:5px}@media only screen and (max-width:767px){.authors-list-cols-dir-horizontal .authors-list-col{width:100%;margin-right:0!important}.authors-list-cols-dir-vertical{column-count:1!important}}.authors-list-pagination{text-align:center}.authors-list-pagination li{display:inline-block;margin:0 2px}.authors-list-pagination li a,.authors-list-pagination li>span{display:inline-block;border:1px solid rgba(0,0,0,.2);padding:10px;line-height:1}<\/style>\n\t\t\t\t\t\t<div class=\"authors-list-items authors-list-items-s3 authors-list-clearfix authors-list-cols-4 authors-list-cols-dir-horizontal \">\n\t\t\t\n\t\t<div class=\"authors-list-item authors-list-item-clearfix authors-list-col authors-list-col-3\">\n\n\t\t\t\t\t\t\t<div class=\"authors-list-item-thumbnail\">\n\t\t\t\t\t\n\t\t\t\t\t<a href=\"https:\/\/digitogy.com\/tr\/author\/altan\/\" class=\"author-list-item-avatar\">\n\t\t\t\t\t\t\t\t\t\t\t\t\t<img alt='Altan S.' src='https:\/\/digitogy.com\/wp-content\/uploads\/2022\/09\/200x200-1-500x500.jpg' srcset='https:\/\/digitogy.com\/wp-content\/uploads\/2022\/09\/200x200-1-1000x1000.jpg 2x' class='avatar avatar-500 photo' height='500' width='500' \/>\t\t\t\t\t\t\t\t\t\t\t<\/a>\n\n\t\t\t\t\t\t\t\t\t<\/div><!-- .team-item-thumbnail -->\n\t\t\t\n\t\t\t<div class=\"authors-list-item-main\">\n\n\t\t\t\t\n\t\t\t\t\t\t\t\t\t<div class=\"authors-list-item-title\">\n\t\t\t\t\t\t<a href=\"https:\/\/digitogy.com\/tr\/author\/altan\/\">Altan S.<\/a>\n\t\t\t\t\t<\/div>\n\t\t\t\t\n\t\t\t\t\n\t\t\t\t\n\t\t\t\t\t\t\t\t\t\t\t\t\t\t<div class=\"authors-list-item-subtitle\">6 posts<\/div>\n\t\t\t\t\n\t\t\t\t\n\t\t\t\t\n\t\t\t\t\n\t\t\t\t\n\t\t\t\t\n\t\t\t\t\t\t\t\t\t\t\t\t\t\t<a href=\"https:\/\/digitogy.com\/tr\/author\/altan\/\" class=\"authors-list-item-link\" aria-label=\" - G\u00f6nderileri g\u00f6r\u00fcnt\u00fcle \u2192\">G\u00f6nderileri g\u00f6r\u00fcnt\u00fcle \u2192<\/a>\n\t\t\t\t\n\t\t\t\t\n\t\t\t<\/div><!-- .team-item-main -->\n\n\t\t<\/div><!-- .authors-list-item -->\n\n\t\t\n\t\t\t<span class=\"spinner\">\n\t\t\t\t<span class=\"spin\">\n\t\t\t\t\t<svg xmlns=\"http:\/\/www.w3.org\/2000\/svg\" viewBox=\"0 0 512 512\">\n\t\t\t\t\t\t<path d=\"M304 48C304 74.51 282.5 96 256 96C229.5 96 208 74.51 208 48C208 21.49 229.5 0 256 0C282.5 0 304 21.49 304 48zM304 464C304 490.5 282.5 512 256 512C229.5 512 208 490.5 208 464C208 437.5 229.5 416 256 416C282.5 416 304 437.5 304 464zM0 256C0 229.5 21.49 208 48 208C74.51 208 96 229.5 96 256C96 282.5 74.51 304 48 304C21.49 304 0 282.5 0 256zM512 256C512 282.5 490.5 304 464 304C437.5 304 416 282.5 416 256C416 229.5 437.5 208 464 208C490.5 208 512 229.5 512 256zM74.98 437C56.23 418.3 56.23 387.9 74.98 369.1C93.73 350.4 124.1 350.4 142.9 369.1C161.6 387.9 161.6 418.3 142.9 437C124.1 455.8 93.73 455.8 74.98 437V437zM142.9 142.9C124.1 161.6 93.73 161.6 74.98 142.9C56.24 124.1 56.24 93.73 74.98 74.98C93.73 56.23 124.1 56.23 142.9 74.98C161.6 93.73 161.6 124.1 142.9 142.9zM369.1 369.1C387.9 350.4 418.3 350.4 437 369.1C455.8 387.9 455.8 418.3 437 437C418.3 455.8 387.9 455.8 369.1 437C350.4 418.3 350.4 387.9 369.1 369.1V369.1z\"\/>\n\t\t\t\t\t<\/svg>\n\t\t\t\t<\/span>\n\t\t\t<\/span>\n\n\t\t\t\t\t\t<\/div><!-- authors-list-items -->\n\t\t\t\n<h2>\u0130nceleme S\u00fcrecimiz Nas\u0131l \u0130\u015fler<\/h2>\n<h3>\u00dcr\u00fcnleri Detayl\u0131 Bir \u015eekilde Test Ediyoruz<\/h3>\n<p>Haber de\u011feri ta\u015f\u0131yan yeni bir \u00fcr\u00fcnle kar\u015f\u0131la\u015ft\u0131\u011f\u0131m\u0131zda, okuyucular\u0131m\u0131za \u00f6nermeden \u00f6nce s\u0131k\u0131 bir test s\u00fcreci uygulamak ilk ad\u0131m\u0131m\u0131zd\u0131r. Test s\u00fcrecimiz, \u00fcr\u00fcn\u00fc s\u0131radan bir t\u00fcketici gibi kullanmaktan \u00f6teye ge\u00e7er.<\/p>\n<p>\u00dcr\u00fcn\u00fcn reklam\u0131 yap\u0131ld\u0131\u011f\u0131 gibi \u00e7al\u0131\u015ft\u0131\u011f\u0131n\u0131 do\u011frulamak i\u00e7in kapsaml\u0131 bir test yapar\u0131z. Tarafs\u0131zl\u0131k, de\u011ferlendirmelerimizde temel prensiptir.<\/p>\n<p>Testlerimizi tamamlad\u0131ktan sonra, daha \u00f6nce de\u011ferlendirdi\u011fimiz benzer \u00fcr\u00fcnlerle kar\u015f\u0131la\u015ft\u0131r\u0131r\u0131z ve kapsaml\u0131 bir inceleme sunar\u0131z.<\/p>\n<p>Dayan\u0131kl\u0131l\u0131k, konfor ve uzun \u00f6m\u00fcrl\u00fcl\u00fck gibi fakt\u00f6rleri g\u00f6z \u00f6n\u00fcnde bulundurarak \u00fcr\u00fcn\u00fcn beklentileri kar\u015f\u0131lay\u0131p kar\u015f\u0131lamad\u0131\u011f\u0131n\u0131 belirleriz.<\/p>\n<p>Temel hedefimiz, okuyucular\u0131m\u0131z\u0131 bir sat\u0131n alma i\u015flemi yapmadan \u00f6nce yeterli bilgiyle donatmakt\u0131r.<\/p>\n<h3>M\u00fc\u015fteri Geri Bildirimleri De\u011ferlidir<\/h3>\n<p>G\u00f6r\u00fc\u015flerimizi daha da geli\u015ftirmek i\u00e7in, incelemekte oldu\u011fumuz \u00fcr\u00fcn\u00fcn ger\u00e7ek kullan\u0131c\u0131lar\u0131ndan geri bildirim almay\u0131 aktif olarak ara\u015ft\u0131r\u0131yoruz.<\/p>\n<p>Ger\u00e7ek kullan\u0131c\u0131lar\u0131n, \u00fcr\u00fcn\u00fc ger\u00e7ekten kullanan d\u00fczenli t\u00fcketicilerin tarafs\u0131z g\u00f6r\u00fc\u015fleri de\u011ferli perspektifler sa\u011flad\u0131\u011f\u0131na inan\u0131yoruz.<\/p>\n<p>Bu kullan\u0131c\u0131 de\u011ferlendirmelerini Amazon, eBay gibi g\u00fcvenilir \u00e7evrimi\u00e7i platformlardan elde ediyoruz. Ayr\u0131ca, m\u00fc\u015fteri geri bildirimlerine dayanarak \u00fcr\u00fcn\u00fcn belirli y\u00f6nlerini daha ayr\u0131nt\u0131l\u0131 olarak incelemek i\u00e7in \u00e7aba sarf ediyoruz.<\/p>\n<h3>Tam Ba\u011f\u0131ms\u0131zl\u0131k<\/h3>\n<p>Digitogy, tamamen ba\u011f\u0131ms\u0131z bir web sitesi olarak en y\u00fcksek d\u00fczeyde b\u00fct\u00fcnl\u00fc\u011f\u00fcn\u00fc korur.<\/p>\n<p>\u00dcr\u00fcnleri incelemek veya tan\u0131tmak i\u00e7in herhangi bir \u00f6deme veya sponsorluk kabul etmiyoruz. Bir \u00fcr\u00fcn yaln\u0131zca kapsaml\u0131 testlerden ge\u00e7mi\u015f ve standartlar\u0131m\u0131z\u0131 kar\u015f\u0131lam\u0131\u015fsa \u00f6nerilir.<\/p>\n<p>\u00dcr\u00fcnleri tan\u0131tmak i\u00e7in \u00fccretli incelemeler yapan bir\u00e7ok inceleme sitesinin aksine, b\u00f6yle bir uygulamadan kesinlikle ka\u00e7\u0131n\u0131yoruz.<\/p>\n<p>Honesty ve okuyucular\u0131m\u0131z\u0131n g\u00fcveni, herhangi bir maddi etkiden daha \u00f6nemlidir.<\/p>\n<p>\u00d6deme almak veya sponsorluk yapmak, tarafs\u0131z de\u011ferlendirmeler sunma yetene\u011fimizi engelledi\u011fine ve itibar\u0131m\u0131z\u0131 riske att\u0131\u011f\u0131na inan\u0131yoruz. Sad\u0131k ba\u011fl\u0131l\u0131\u011f\u0131m\u0131z, her bir \u00fcr\u00fcn\u00fc test etti\u011fimiz tarafs\u0131z bilgilerle okuyucular\u0131m\u0131z\u0131 g\u00fc\u00e7lendirmektir.<\/p>\n<p>\u00dcr\u00fcn kategorilerimizi ke\u015ffetmek i\u00e7in <a href=\"https:\/\/digitogy.com\/tr\/category\/en-yeni-teknolojik-araclar\/\">buraya<\/a> t\u0131klay\u0131n.<\/p>\n<h2>Endi\u015felerinizi Bize \u0130letin<\/h2>\n<p>Okuyucular\u0131m\u0131zla ileti\u015fim halinde olmay\u0131 ve hizmetlerimiz hakk\u0131ndaki d\u00fc\u015f\u00fcncelerini zaman zaman bilmeyi seviyoruz.<\/p>\n<p>Yorumlar\u0131n\u0131z\u0131, geri bildirimlerinizi ve \u00f6vg\u00fclerinizi takdir edece\u011fiz. Bu, b\u00fcy\u00fcmeme ve \u00fcr\u00fcn incelemelerimizi \u00f6nemli \u00f6l\u00e7\u00fcde geli\u015ftirmeme yard\u0131mc\u0131 olacakt\u0131r.<\/p>\n<p>Bir ilkeye g\u00f6re \u00e7al\u0131\u015f\u0131yoruz: &#8220;E\u011fer ihtiyac\u0131n\u0131z varsa size yard\u0131mc\u0131 olaca\u011f\u0131z.&#8221; Ve temel amac\u0131m\u0131z, okuyucular\u0131m\u0131z\u0131 g\u00fcvende tutmakt\u0131r.<\/p>\n<p>Bize ula\u015fmak i\u00e7in <a href=\"https:\/\/digitogy.com\/tr\/bize-ulasin\/\">buraya<\/a> t\u0131klay\u0131n.<\/p>\n","protected":false},"excerpt":{"rendered":"<p>Digitogy Nedir? Digitogy.com, \u00fcr\u00fcnlerle ilgili aldat\u0131c\u0131 spam i\u00e7ermeyen tarafs\u0131z incelemeler sunmay\u0131 taahh\u00fct eden bir teknoloji odakl\u0131 bir web sitesidir. \u0130nternetin ileti\u015fim ihtiya\u00e7lar\u0131m\u0131z\u0131 kar\u015f\u0131lama konusundaki \u00f6nemini ve etkile\u015fimlerimizi devrim niteli\u011finde de\u011fi\u015ftirdi\u011fini anl\u0131yoruz. Temel amac\u0131m\u0131z, okuyucular\u0131m\u0131za ki\u015fisel olarak test etti\u011fimiz ve kulland\u0131\u011f\u0131m\u0131z \u00e7e\u015fitli gadgetlar hakk\u0131nda ger\u00e7ek ve kapsaml\u0131 de\u011ferlendirmeler sunmakt\u0131r. Digitogy.com olarak, okuyucular\u0131m\u0131za g\u00fcvenebilecekleri eri\u015filebilir, d\u00fcr\u00fcst ve [&hellip;]<\/p>\n","protected":false},"author":95,"featured_media":0,"parent":0,"menu_order":0,"comment_status":"closed","ping_status":"closed","template":"","meta":{"om_disable_all_campaigns":false,"footnotes":""},"sgf-content-tag":[217,259],"sgf-seo-push":[],"class_list":["post-27347","page","type-page","status-publish","hentry"],"yoast_head":"<!-- This site is optimized with the Yoast SEO plugin v24.9 - https:\/\/yoast.com\/wordpress\/plugins\/seo\/ -->\n<title>Hakk\u0131m\u0131zda | Digitogy.com<\/title>\n<meta name=\"description\" content=\"Digitogy&#039;nin misyonunu, de\u011ferlerimizi ve profesyonel ekibimizin size aktarmaya \u00e7al\u0131\u015ft\u0131klar\u0131n\u0131 bu sayfada ke\u015ffedebilirsiniz.\" \/>\n<meta name=\"robots\" content=\"index, follow, max-snippet:-1, max-image-preview:large, max-video-preview:-1\" \/>\n<link rel=\"canonical\" href=\"https:\/\/digitogy.com\/tr\/hakkimizda\/\" \/>\n<meta property=\"og:locale\" content=\"tr_TR\" \/>\n<meta property=\"og:type\" content=\"article\" \/>\n<meta property=\"og:title\" content=\"Hakk\u0131m\u0131zda | Digitogy.com\" \/>\n<meta property=\"og:description\" content=\"Digitogy&#039;nin misyonunu, de\u011ferlerimizi ve profesyonel ekibimizin size aktarmaya \u00e7al\u0131\u015ft\u0131klar\u0131n\u0131 bu sayfada ke\u015ffedebilirsiniz.\" \/>\n<meta property=\"og:url\" content=\"https:\/\/digitogy.com\/tr\/hakkimizda\/\" \/>\n<meta property=\"og:site_name\" content=\"Digitogy.com\" \/>\n<meta property=\"article:publisher\" content=\"https:\/\/www.facebook.com\/digitogy\" \/>\n<meta property=\"article:modified_time\" content=\"2023-08-07T09:50:52+00:00\" \/>\n<meta name=\"twitter:card\" content=\"summary_large_image\" \/>\n<!-- \/ Yoast SEO plugin. -->","yoast_head_json":{"title":"Hakk\u0131m\u0131zda | Digitogy.com","description":"Digitogy'nin misyonunu, de\u011ferlerimizi ve profesyonel ekibimizin size aktarmaya \u00e7al\u0131\u015ft\u0131klar\u0131n\u0131 bu sayfada ke\u015ffedebilirsiniz.","robots":{"index":"index","follow":"follow","max-snippet":"max-snippet:-1","max-image-preview":"max-image-preview:large","max-video-preview":"max-video-preview:-1"},"canonical":"https:\/\/digitogy.com\/tr\/hakkimizda\/","og_locale":"tr_TR","og_type":"article","og_title":"Hakk\u0131m\u0131zda | Digitogy.com","og_description":"Digitogy'nin misyonunu, de\u011ferlerimizi ve profesyonel ekibimizin size aktarmaya \u00e7al\u0131\u015ft\u0131klar\u0131n\u0131 bu sayfada ke\u015ffedebilirsiniz.","og_url":"https:\/\/digitogy.com\/tr\/hakkimizda\/","og_site_name":"Digitogy.com","article_publisher":"https:\/\/www.facebook.com\/digitogy","article_modified_time":"2023-08-07T09:50:52+00:00","twitter_card":"summary_large_image","schema":{"@context":"https:\/\/schema.org","@graph":[{"@type":"WebPage","@id":"https:\/\/digitogy.com\/tr\/hakkimizda\/","url":"https:\/\/digitogy.com\/tr\/hakkimizda\/","name":"Hakk\u0131m\u0131zda | Digitogy.com","isPartOf":{"@id":"https:\/\/digitogy.com\/tr\/#website"},"datePublished":"2022-09-20T07:55:14+00:00","dateModified":"2023-08-07T09:50:52+00:00","description":"Digitogy'nin misyonunu, de\u011ferlerimizi ve profesyonel ekibimizin size aktarmaya \u00e7al\u0131\u015ft\u0131klar\u0131n\u0131 bu sayfada ke\u015ffedebilirsiniz.","breadcrumb":{"@id":"https:\/\/digitogy.com\/tr\/hakkimizda\/#breadcrumb"},"inLanguage":"tr","potentialAction":[{"@type":"ReadAction","target":["https:\/\/digitogy.com\/tr\/hakkimizda\/"]}]},{"@type":"BreadcrumbList","@id":"https:\/\/digitogy.com\/tr\/hakkimizda\/#breadcrumb","itemListElement":[{"@type":"ListItem","position":1,"name":"Home","item":"https:\/\/digitogy.com\/tr\/"},{"@type":"ListItem","position":2,"name":"Hakk\u0131m\u0131zda"}]},{"@type":"WebSite","@id":"https:\/\/digitogy.com\/tr\/#website","url":"https:\/\/digitogy.com\/tr\/","name":"Digitogy.com","description":"Digital Technology Magazine","publisher":{"@id":"https:\/\/digitogy.com\/tr\/#organization"},"potentialAction":[{"@type":"SearchAction","target":{"@type":"EntryPoint","urlTemplate":"https:\/\/digitogy.com\/tr\/?s={search_term_string}"},"query-input":{"@type":"PropertyValueSpecification","valueRequired":true,"valueName":"search_term_string"}}],"inLanguage":"tr"},{"@type":"Organization","@id":"https:\/\/digitogy.com\/tr\/#organization","name":"Digitogy.com","url":"https:\/\/digitogy.com\/tr\/","logo":{"@type":"ImageObject","inLanguage":"tr","@id":"https:\/\/digitogy.com\/tr\/#\/schema\/logo\/image\/","url":"https:\/\/digitogy.com\/wp-content\/uploads\/2018\/09\/digitogy.png","contentUrl":"https:\/\/digitogy.com\/wp-content\/uploads\/2018\/09\/digitogy.png","width":150,"height":42,"caption":"Digitogy.com"},"image":{"@id":"https:\/\/digitogy.com\/tr\/#\/schema\/logo\/image\/"},"sameAs":["https:\/\/www.facebook.com\/digitogy","https:\/\/www.youtube.com\/channel\/UCxnYJov4KOmHIMt5TbhNsnQ?sub_confirmation=1"]}]}},"_links":{"self":[{"href":"https:\/\/digitogy.com\/tr\/wp-json\/wp\/v2\/pages\/27347","targetHints":{"allow":["GET"]}}],"collection":[{"href":"https:\/\/digitogy.com\/tr\/wp-json\/wp\/v2\/pages"}],"about":[{"href":"https:\/\/digitogy.com\/tr\/wp-json\/wp\/v2\/types\/page"}],"author":[{"embeddable":true,"href":"https:\/\/digitogy.com\/tr\/wp-json\/wp\/v2\/users\/95"}],"replies":[{"embeddable":true,"href":"https:\/\/digitogy.com\/tr\/wp-json\/wp\/v2\/comments?post=27347"}],"version-history":[{"count":13,"href":"https:\/\/digitogy.com\/tr\/wp-json\/wp\/v2\/pages\/27347\/revisions"}],"predecessor-version":[{"id":30768,"href":"https:\/\/digitogy.com\/tr\/wp-json\/wp\/v2\/pages\/27347\/revisions\/30768"}],"wp:attachment":[{"href":"https:\/\/digitogy.com\/tr\/wp-json\/wp\/v2\/media?parent=27347"}],"wp:term":[{"taxonomy":"sgf-content-tag","embeddable":true,"href":"https:\/\/digitogy.com\/tr\/wp-json\/wp\/v2\/sgf-content-tag?post=27347"},{"taxonomy":"sgf-seo-push","embeddable":true,"href":"https:\/\/digitogy.com\/tr\/wp-json\/wp\/v2\/sgf-seo-push?post=27347"}],"curies":[{"name":"wp","href":"https:\/\/api.w.org\/{rel}","templated":true}]}}