{"id":12229,"date":"2020-07-03T04:02:50","date_gmt":"2020-07-03T04:02:50","guid":{"rendered":"https:\/\/digitogy.com\/isencao-de-responsabilidade\/"},"modified":"2023-07-27T03:59:57","modified_gmt":"2023-07-27T07:59:57","slug":"isencao-de-responsabilidade","status":"publish","type":"page","link":"https:\/\/digitogy.com\/pt-br\/isencao-de-responsabilidade\/","title":{"rendered":"Isen\u00e7\u00e3o de Responsabilidade"},"content":{"rendered":"<p><strong>Em nosso site, nos esfor\u00e7amos para apresentar not\u00edcias, guias, avalia\u00e7\u00f5es e informa\u00e7\u00f5es sobre gadgets de boa f\u00e9.<\/strong> Nosso objetivo \u00e9 mant\u00ea-lo atualizado sobre o que acontece na ind\u00fastria. Nossa equipe de especialistas oferece servi\u00e7os e solu\u00e7\u00f5es diversas, compreendendo a natureza sens\u00edvel do assunto.<\/p>\n<p>Contudo, \u00e9 essencial esclarecer que todos os guias, avalia\u00e7\u00f5es, informa\u00e7\u00f5es e materiais fornecidos t\u00eam apenas fins informativos gerais. N\u00e3o endossamos nem promovemos atividades ilegais, viola\u00e7\u00f5es contratuais ou a\u00e7\u00f5es que possam prejudicar outros.<\/p>\n<p><strong>Lembre-se de que suas a\u00e7\u00f5es s\u00e3o de sua responsabilidade, e voc\u00ea deve tomar decis\u00f5es com cuidado.<\/strong> Se tiver preocupa\u00e7\u00f5es ou d\u00favidas sobre poss\u00edveis consequ\u00eancias, procure aconselhamento jur\u00eddico.<\/p>\n<p>Al\u00e9m disso, outras pessoas podem contribuir com o site por meio de postagens ou coment\u00e1rios. Embora apreciemos as contribui\u00e7\u00f5es, n\u00e3o somos respons\u00e1veis pelas opini\u00f5es ou conte\u00fados postados por terceiros. As opini\u00f5es expressas s\u00e3o de responsabilidade individual e n\u00e3o refletem necessariamente as opini\u00f5es do nosso site.<\/p>\n<p><em>Divulga\u00e7\u00e3o: Este site pode conter links afiliados que nos rendem uma pequena comiss\u00e3o, sem custo adicional para voc\u00ea. Recomendamos produtos que testamos pessoalmente ou acreditamos que nossos leitores encontrar\u00e3o \u00fateis.<\/em><\/p>\n","protected":false},"excerpt":{"rendered":"<p>Em nosso site, nos esfor\u00e7amos para apresentar not\u00edcias, guias, avalia\u00e7\u00f5es e informa\u00e7\u00f5es sobre gadgets de boa f\u00e9. Nosso objetivo \u00e9 mant\u00ea-lo atualizado sobre o que acontece na ind\u00fastria. Nossa equipe de especialistas oferece servi\u00e7os e solu\u00e7\u00f5es diversas, compreendendo a natureza sens\u00edvel do assunto. Contudo, \u00e9 essencial esclarecer que todos os guias, avalia\u00e7\u00f5es, informa\u00e7\u00f5es e materiais [&hellip;]<\/p>\n","protected":false},"author":35,"featured_media":0,"parent":0,"menu_order":0,"comment_status":"closed","ping_status":"closed","template":"","meta":{"om_disable_all_campaigns":false,"footnotes":""},"sgf-content-tag":[217,257],"sgf-seo-push":[],"class_list":["post-12229","page","type-page","status-publish","hentry"],"yoast_head":"<!-- This site is optimized with the Yoast SEO plugin v24.9 - https:\/\/yoast.com\/wordpress\/plugins\/seo\/ -->\n<title>Isen\u00e7\u00e3o de Responsabilidade | Digitogy.com<\/title>\n<meta name=\"description\" content=\"Em nosso site, nos esfor\u00e7amos para apresentar not\u00edcias, guias, avalia\u00e7\u00f5es e informa\u00e7\u00f5es sobre gadgets de boa f\u00e9. Nosso objetivo \u00e9 mant\u00ea-lo atualizado\" \/>\n<meta name=\"robots\" content=\"index, follow, max-snippet:-1, max-image-preview:large, max-video-preview:-1\" \/>\n<link rel=\"canonical\" href=\"https:\/\/digitogy.com\/pt-br\/isencao-de-responsabilidade\/\" \/>\n<meta property=\"og:locale\" content=\"pt_BR\" \/>\n<meta property=\"og:type\" content=\"article\" \/>\n<meta property=\"og:title\" content=\"Isen\u00e7\u00e3o de Responsabilidade | Digitogy.com\" \/>\n<meta property=\"og:description\" content=\"Em nosso site, nos esfor\u00e7amos para apresentar not\u00edcias, guias, avalia\u00e7\u00f5es e informa\u00e7\u00f5es sobre gadgets de boa f\u00e9. Nosso objetivo \u00e9 mant\u00ea-lo atualizado\" \/>\n<meta property=\"og:url\" content=\"https:\/\/digitogy.com\/pt-br\/isencao-de-responsabilidade\/\" \/>\n<meta property=\"og:site_name\" content=\"Digitogy.com\" \/>\n<meta property=\"article:publisher\" content=\"https:\/\/www.facebook.com\/digitogy\" \/>\n<meta property=\"article:modified_time\" content=\"2023-07-27T07:59:57+00:00\" \/>\n<meta name=\"twitter:card\" content=\"summary_large_image\" \/>\n<!-- \/ Yoast SEO plugin. -->","yoast_head_json":{"title":"Isen\u00e7\u00e3o de Responsabilidade | Digitogy.com","description":"Em nosso site, nos esfor\u00e7amos para apresentar not\u00edcias, guias, avalia\u00e7\u00f5es e informa\u00e7\u00f5es sobre gadgets de boa f\u00e9. Nosso objetivo \u00e9 mant\u00ea-lo atualizado","robots":{"index":"index","follow":"follow","max-snippet":"max-snippet:-1","max-image-preview":"max-image-preview:large","max-video-preview":"max-video-preview:-1"},"canonical":"https:\/\/digitogy.com\/pt-br\/isencao-de-responsabilidade\/","og_locale":"pt_BR","og_type":"article","og_title":"Isen\u00e7\u00e3o de Responsabilidade | Digitogy.com","og_description":"Em nosso site, nos esfor\u00e7amos para apresentar not\u00edcias, guias, avalia\u00e7\u00f5es e informa\u00e7\u00f5es sobre gadgets de boa f\u00e9. Nosso objetivo \u00e9 mant\u00ea-lo atualizado","og_url":"https:\/\/digitogy.com\/pt-br\/isencao-de-responsabilidade\/","og_site_name":"Digitogy.com","article_publisher":"https:\/\/www.facebook.com\/digitogy","article_modified_time":"2023-07-27T07:59:57+00:00","twitter_card":"summary_large_image","schema":{"@context":"https:\/\/schema.org","@graph":[{"@type":"WebPage","@id":"https:\/\/digitogy.com\/pt-br\/isencao-de-responsabilidade\/","url":"https:\/\/digitogy.com\/pt-br\/isencao-de-responsabilidade\/","name":"Isen\u00e7\u00e3o de Responsabilidade | Digitogy.com","isPartOf":{"@id":"https:\/\/digitogy.com\/pt-br\/#website"},"datePublished":"2020-07-03T04:02:50+00:00","dateModified":"2023-07-27T07:59:57+00:00","description":"Em nosso site, nos esfor\u00e7amos para apresentar not\u00edcias, guias, avalia\u00e7\u00f5es e informa\u00e7\u00f5es sobre gadgets de boa f\u00e9. Nosso objetivo \u00e9 mant\u00ea-lo atualizado","breadcrumb":{"@id":"https:\/\/digitogy.com\/pt-br\/isencao-de-responsabilidade\/#breadcrumb"},"inLanguage":"pt-BR","potentialAction":[{"@type":"ReadAction","target":["https:\/\/digitogy.com\/pt-br\/isencao-de-responsabilidade\/"]}]},{"@type":"BreadcrumbList","@id":"https:\/\/digitogy.com\/pt-br\/isencao-de-responsabilidade\/#breadcrumb","itemListElement":[{"@type":"ListItem","position":1,"name":"Home","item":"https:\/\/digitogy.com\/pt-br\/"},{"@type":"ListItem","position":2,"name":"Isen\u00e7\u00e3o de Responsabilidade"}]},{"@type":"WebSite","@id":"https:\/\/digitogy.com\/pt-br\/#website","url":"https:\/\/digitogy.com\/pt-br\/","name":"Digitogy.com","description":"Digital Technology Magazine","publisher":{"@id":"https:\/\/digitogy.com\/pt-br\/#organization"},"potentialAction":[{"@type":"SearchAction","target":{"@type":"EntryPoint","urlTemplate":"https:\/\/digitogy.com\/pt-br\/?s={search_term_string}"},"query-input":{"@type":"PropertyValueSpecification","valueRequired":true,"valueName":"search_term_string"}}],"inLanguage":"pt-BR"},{"@type":"Organization","@id":"https:\/\/digitogy.com\/pt-br\/#organization","name":"Digitogy.com","url":"https:\/\/digitogy.com\/pt-br\/","logo":{"@type":"ImageObject","inLanguage":"pt-BR","@id":"https:\/\/digitogy.com\/pt-br\/#\/schema\/logo\/image\/","url":"https:\/\/digitogy.com\/wp-content\/uploads\/2018\/09\/digitogy.png","contentUrl":"https:\/\/digitogy.com\/wp-content\/uploads\/2018\/09\/digitogy.png","width":150,"height":42,"caption":"Digitogy.com"},"image":{"@id":"https:\/\/digitogy.com\/pt-br\/#\/schema\/logo\/image\/"},"sameAs":["https:\/\/www.facebook.com\/digitogy","https:\/\/www.youtube.com\/channel\/UCxnYJov4KOmHIMt5TbhNsnQ?sub_confirmation=1"]}]}},"_links":{"self":[{"href":"https:\/\/digitogy.com\/pt-br\/wp-json\/wp\/v2\/pages\/12229","targetHints":{"allow":["GET"]}}],"collection":[{"href":"https:\/\/digitogy.com\/pt-br\/wp-json\/wp\/v2\/pages"}],"about":[{"href":"https:\/\/digitogy.com\/pt-br\/wp-json\/wp\/v2\/types\/page"}],"author":[{"embeddable":true,"href":"https:\/\/digitogy.com\/pt-br\/wp-json\/wp\/v2\/users\/35"}],"replies":[{"embeddable":true,"href":"https:\/\/digitogy.com\/pt-br\/wp-json\/wp\/v2\/comments?post=12229"}],"version-history":[{"count":3,"href":"https:\/\/digitogy.com\/pt-br\/wp-json\/wp\/v2\/pages\/12229\/revisions"}],"predecessor-version":[{"id":30744,"href":"https:\/\/digitogy.com\/pt-br\/wp-json\/wp\/v2\/pages\/12229\/revisions\/30744"}],"wp:attachment":[{"href":"https:\/\/digitogy.com\/pt-br\/wp-json\/wp\/v2\/media?parent=12229"}],"wp:term":[{"taxonomy":"sgf-content-tag","embeddable":true,"href":"https:\/\/digitogy.com\/pt-br\/wp-json\/wp\/v2\/sgf-content-tag?post=12229"},{"taxonomy":"sgf-seo-push","embeddable":true,"href":"https:\/\/digitogy.com\/pt-br\/wp-json\/wp\/v2\/sgf-seo-push?post=12229"}],"curies":[{"name":"wp","href":"https:\/\/api.w.org\/{rel}","templated":true}]}}