{"id":12226,"date":"2020-07-03T03:53:57","date_gmt":"2020-07-03T03:53:57","guid":{"rendered":"https:\/\/digitogy.com\/mapa-do-site\/"},"modified":"2021-12-28T03:45:50","modified_gmt":"2021-12-28T08:45:50","slug":"mapa-do-site","status":"publish","type":"page","link":"https:\/\/digitogy.com\/pt-br\/mapa-do-site\/","title":{"rendered":"Mapa do site"},"content":{"rendered":"<div class=\"wsp-container\"><h2 class=\"wsp-posts-title\">Posts by category<\/h2>\n<ul class=\"wsp-posts-list\">\n\t<li><strong class=\"wsp-category-title\">Category: <a href=\"https:\/\/digitogy.com\/pt-br\/categoria\/guias\/\">Guias<\/a><\/strong>\n<ul class=\"wsp-posts-list\">\t\t<li class=\"wsp-post\"><a href=\"https:\/\/digitogy.com\/pt-br\/melhores-pendrives\/\">An\u00e1lise Dos Melhores Pendrives em 2026<\/a><\/li>\n\t\t<li class=\"wsp-post\"><a href=\"https:\/\/digitogy.com\/pt-br\/melhores-ofertas-da-black-friday\/\">Melhores ofertas da Black Friday: nossas listas est\u00e3o imperd\u00edveis!<\/a><\/li>\n<\/ul><\/li>\n\t<li><strong class=\"wsp-category-title\">Category: <a href=\"https:\/\/digitogy.com\/pt-br\/categoria\/melhores-gadgets\/\">Melhores Gadgets<\/a><\/strong>\n<ul class=\"wsp-posts-list\">\t\t<li class=\"wsp-post\"><a href=\"https:\/\/digitogy.com\/pt-br\/revisao-de-bed-scrunchie\/\">Revis\u00e3o de Bed Scrunchie &#8211; Resolve o seu len\u00e7ol desajustado?<\/a><\/li>\n\t\t<li class=\"wsp-post\"><a href=\"https:\/\/digitogy.com\/pt-br\/revisao-de-easy-waxoff\/\">Easy WaxOff Review 2026: Maneira de remover a cera dos ouvidos<\/a><\/li>\n\t\t<li class=\"wsp-post\"><a href=\"https:\/\/digitogy.com\/pt-br\/muama-ryoko-review\/\">MUAMA Ryoko Review 2026 &#8211; \u00c9 seguro usar?<\/a><\/li>\n\t\t<li class=\"wsp-post\"><a href=\"https:\/\/digitogy.com\/pt-br\/revisao-do-scratchundo-pro\/\">ScratchUndo Pro Review 2026 &#8211; Tira mesmo os riscos?<\/a><\/li>\n\t\t<li class=\"wsp-post\"><a href=\"https:\/\/digitogy.com\/pt-br\/revisao-de-renuback-relief-yr-melhora-mesmo-as-suas-dores-de-costas\/\">Revis\u00e3o de Renuback Relief 2026: Melhora mesmo as suas dores de costas?<\/a><\/li>\n\t\t<li class=\"wsp-post\"><a href=\"https:\/\/digitogy.com\/pt-br\/peeps-revisao\/\">Revis\u00e3o do Peeps 2026 &#8211; Isto \u00e9 um esquema?<\/a><\/li>\n\t\t<li class=\"wsp-post\"><a href=\"https:\/\/digitogy.com\/pt-br\/analise-do-keysmart-chaveiro\/\">KeySmart: Nossa an\u00e1lise do organizador de chaves<\/a><\/li>\n\t\t<li class=\"wsp-post\"><a href=\"https:\/\/digitogy.com\/pt-br\/analise-do-chargehubgo\/\">ChargeHubGO+ &#8211; Nossa an\u00e1lise do carregador port\u00e1til<\/a><\/li>\n\t\t<li class=\"wsp-post\"><a href=\"https:\/\/digitogy.com\/pt-br\/analise-do-remotex-pro\/\">An\u00e1lise Do RemoteX Pro 2026: \u00c9 o Melhor Controle Remoto?<\/a><\/li>\n\t\t<li class=\"wsp-post\"><a href=\"https:\/\/digitogy.com\/pt-br\/analise-do-itrack-gps\/\">An\u00e1lise do iTrack: O Melhor Rastreador De Autom\u00f3vel Do Mercado<\/a><\/li>\n\t\t<li class=\"wsp-post\"><a href=\"https:\/\/digitogy.com\/pt-br\/analise-do-picobuds-pro\/\">An\u00e1lise do PicoBuds Pro 2026: O Melhor Aparelho De Melhora Auditiva<\/a><\/li>\n\t\t<li class=\"wsp-post\"><a href=\"https:\/\/digitogy.com\/pt-br\/analise-do-kompress-kinetic\/\">An\u00e1lise Do Kompress Kinetic 2026: Voc\u00ea deve comprar?<\/a><\/li>\n\t\t<li class=\"wsp-post\"><a href=\"https:\/\/digitogy.com\/pt-br\/analise-do-odii\/\">An\u00e1lise Do ODii 2026: Melhor Pegador De Objetos Com Power Grip<\/a><\/li>\n\t\t<li class=\"wsp-post\"><a href=\"https:\/\/digitogy.com\/pt-br\/analise-do-moksha-beam\/\">Moksha Beam 2026: Controla a Ansiedade Naturalmente<\/a><\/li>\n\t\t<li class=\"wsp-post\"><a href=\"https:\/\/digitogy.com\/pt-br\/esterilizador-de-escova-de-dente-bril\/\">An\u00e1lise Do Esterilizador De Escova De Dente Bril 2026<\/a><\/li>\n\t\t<li class=\"wsp-post\"><a href=\"https:\/\/digitogy.com\/pt-br\/zoomshot-pro\/\">An\u00e1lise Do ZoomShot Pro 2026: Telesc\u00f3pio Para O Seu Celular<\/a><\/li>\n\t\t<li class=\"wsp-post\"><a href=\"https:\/\/digitogy.com\/pt-br\/airphysio\/\">AirPhysio 2026: O Melhor Dispositivo Para Exerc\u00edcio Respirat\u00f3rio<\/a><\/li>\n\t\t<li class=\"wsp-post\"><a href=\"https:\/\/digitogy.com\/pt-br\/thephotostick-omni\/\">An\u00e1lise do ThePhotoStick Omni: O Melhor Pendrive De Backup<\/a><\/li>\n\t\t<li class=\"wsp-post\"><a href=\"https:\/\/digitogy.com\/pt-br\/analise-do-biteeraser\/\">BiteEraser 2026: A Melhor Solu\u00e7\u00e3o Para As Picadas Dos Mosquitos<\/a><\/li>\n\t\t<li class=\"wsp-post\"><a href=\"https:\/\/digitogy.com\/pt-br\/moskitron-led-analise\/\">An\u00e1lise do Moskitron LED 2026: Dispositivo Matador De Mosquitos<\/a><\/li>\n\t\t<li class=\"wsp-post\"><a href=\"https:\/\/digitogy.com\/pt-br\/invisicharger-analise\/\">InvisiCharger: O Melhor Carregador Wireless 2026<\/a><\/li>\n\t\t<li class=\"wsp-post\"><a href=\"https:\/\/digitogy.com\/pt-br\/tvfix-caster-analise\/\">An\u00e1lise do TVFix Caster 2026: Transforme Qualquer Televis\u00e3o Em Uma Smart TV<\/a><\/li>\n\t\t<li class=\"wsp-post\"><a href=\"https:\/\/digitogy.com\/pt-br\/germcide-x-analise\/\">An\u00e1lise do GermCide X 2026: Use Os Raios UV Para Desinfetar<\/a><\/li>\n\t\t<li class=\"wsp-post\"><a href=\"https:\/\/digitogy.com\/pt-br\/oshenwatch-luxe-analise\/\">OshenWatch Luxe: O Melhor SmartWatch De Luxo em 2026<\/a><\/li>\n\t\t<li class=\"wsp-post\"><a href=\"https:\/\/digitogy.com\/pt-br\/quietbuds-analise\/\">QuietBuds 2026: Os Melhores Protetores Auriculares Com Cancelamento De Ru\u00eddo<\/a><\/li>\n\t\t<li class=\"wsp-post\"><a href=\"https:\/\/digitogy.com\/pt-br\/blaux-ar-condicionado-analise\/\">Ar-Condicionado Port\u00e1til Blaux: O Melhor Do Mercado em 2026<\/a><\/li>\n\t\t<li class=\"wsp-post\"><a href=\"https:\/\/digitogy.com\/pt-br\/infinitikloud-analise\/\">An\u00e1lise do InfinitiKloud SD 2026: Proteja Seus Arquivos Externamente<\/a><\/li>\n\t\t<li class=\"wsp-post\"><a href=\"https:\/\/digitogy.com\/pt-br\/kidiwatch-analise\/\">An\u00e1lise do KiDiWatch 2026: O Melhor Smartwatch Para Crian\u00e7as<\/a><\/li>\n\t\t<li class=\"wsp-post\"><a href=\"https:\/\/digitogy.com\/pt-br\/tvsharemax-analise\/\">An\u00e1lise do TVShareMax: Voc\u00ea Pode Ter Uma Smart TV F\u00e1cil E Barata<\/a><\/li>\n\t\t<li class=\"wsp-post\"><a href=\"https:\/\/digitogy.com\/pt-br\/tacticphonex-analise\/\">An\u00e1lise do TacticPhoneX 2026: O Celular Indestrut\u00edvel<\/a><\/li>\n\t\t<li class=\"wsp-post\"><a href=\"https:\/\/digitogy.com\/pt-br\/t-watch-analise\/\">An\u00e1lise do T-Watch 2026: O Smartwatch Completo E Resistente<\/a><\/li>\n\t\t<li class=\"wsp-post\"><a href=\"https:\/\/digitogy.com\/pt-br\/ecoheat-s-analise\/\">EcoHeat S: Analisando O Melhor Aquecedor Port\u00e1til Do Mercado<\/a><\/li>\n\t\t<li class=\"wsp-post\"><a href=\"https:\/\/digitogy.com\/pt-br\/mobile-klean-analise\/\">An\u00e1lise do Mobile Klean: O Melhor Esterilizador UV Port\u00e1til<\/a><\/li>\n\t\t<li class=\"wsp-post\"><a href=\"https:\/\/digitogy.com\/pt-br\/caresole-circa-knee-analise\/\">An\u00e1lise do Caresole Circa Knee: Seus Joelhos Protegidos Para Tudo<\/a><\/li>\n\t\t<li class=\"wsp-post\"><a href=\"https:\/\/digitogy.com\/pt-br\/healthwatch-analise\/\">HealthWatch: O SmartWatch Fitness Com Diversos Recursos<\/a><\/li>\n\t\t<li class=\"wsp-post\"><a href=\"https:\/\/digitogy.com\/pt-br\/clearview-oculos-analise\/\">An\u00e1lise do ClearView \u00d3culos 2026: Perfeito Para Dirigir \u00c0 Noite<\/a><\/li>\n\t\t<li class=\"wsp-post\"><a href=\"https:\/\/digitogy.com\/pt-br\/xwatch-analise\/\">An\u00e1lise do XWatch 2026: Mais Do Que Um Smartwatch<\/a><\/li>\n\t\t<li class=\"wsp-post\"><a href=\"https:\/\/digitogy.com\/pt-br\/neckmassager-analise\/\">An\u00e1lise do NeckMassager 2026: Tecnologia Que Soluciona Suas Dores No Pesco\u00e7o<\/a><\/li>\n\t\t<li class=\"wsp-post\"><a href=\"https:\/\/digitogy.com\/pt-br\/xtra-pc\/\">An\u00e1lise do Xtra-PC 2026: Funciona ou \u00e9 uma farsa?<\/a><\/li>\n\t\t<li class=\"wsp-post\"><a href=\"https:\/\/digitogy.com\/pt-br\/dangobuds-analise\/\">An\u00e1lise do DangoBuds 2026: Os Melhores Earbuds Sem Fio?<\/a><\/li>\n\t\t<li class=\"wsp-post\"><a href=\"https:\/\/digitogy.com\/pt-br\/starscope-monocular\/\">O Starscope Monocular: O Melhor Telesc\u00f3pio Do Mercado?<\/a><\/li>\n\t\t<li class=\"wsp-post\"><a href=\"https:\/\/digitogy.com\/pt-br\/heatcore-analise\/\">An\u00e1lise do HeatCore 2026: Confira Este \u00d3timo Aquecedor Port\u00e1til<\/a><\/li>\n\t\t<li class=\"wsp-post\"><a href=\"https:\/\/digitogy.com\/pt-br\/wifi-superboost\/\">WiFi SuperBoost 2026: Melhore a internet da sua casa<\/a><\/li>\n\t\t<li class=\"wsp-post\"><a href=\"https:\/\/digitogy.com\/pt-br\/screenklean\/\">ScreenKlean: Suas telas sempre limpas, seguras e sem arranh\u00f5es<\/a><\/li>\n\t\t<li class=\"wsp-post\"><a href=\"https:\/\/digitogy.com\/pt-br\/rangextd-analise\/\">RangeXTD: Tudo sobre esse Repetidor WiFi + Roteador<\/a><\/li>\n\t\t<li class=\"wsp-post\"><a href=\"https:\/\/digitogy.com\/pt-br\/fixd\/\">FIXD An\u00e1lise 2026: Uma ferramenta de diagn\u00f3stico para o seu carro<\/a><\/li>\n\t\t<li class=\"wsp-post\"><a href=\"https:\/\/digitogy.com\/pt-br\/drone720-analise\/\">Drone720x: An\u00e1lise completa de um dos melhores drones do mercardo<\/a><\/li>\n\t\t<li class=\"wsp-post\"><a href=\"https:\/\/digitogy.com\/pt-br\/muama-enence-tradutor\/\">Muama Enence Tradutor 2026: Um tradutor instant\u00e2neo para suas viagens<\/a><\/li>\n\t\t<li class=\"wsp-post\"><a href=\"https:\/\/digitogy.com\/pt-br\/tactic-air-drone\/\">Tactic Air Drone: Um drone dobr\u00e1vel com c\u00e2mera 4K<\/a><\/li>\n\t\t<li class=\"wsp-post\"><a href=\"https:\/\/digitogy.com\/pt-br\/memory-safex-analise\/\">Memory SafeX: a melhor alternativa para o seu backup?<\/a><\/li>\n\t\t<li class=\"wsp-post\"><a href=\"https:\/\/digitogy.com\/pt-br\/antena-max-tv-analise\/\">Antena Max TV: canais 1080p gratuitos na sua TV<\/a><\/li>\n\t\t<li class=\"wsp-post\"><a href=\"https:\/\/digitogy.com\/pt-br\/xy-find-it-analise\/\">XY Find It An\u00e1lise: Nunca mais perca suas coisas<\/a><\/li>\n\t\t<li class=\"wsp-post\"><a href=\"https:\/\/digitogy.com\/pt-br\/airphones-analise\/\">Airphones Brasil: fones de ouvido bluetooth de qualidade com \u00f3timo pre\u00e7o<\/a><\/li>\n\t\t<li class=\"wsp-post\"><a href=\"https:\/\/digitogy.com\/pt-br\/silentsnore-analise\/\">Silentsnore 2026: uma alternativa para voc\u00ea parar de roncar<\/a><\/li>\n\t\t<li class=\"wsp-post\"><a href=\"https:\/\/digitogy.com\/pt-br\/dwatch-analise\/\">DWatch an\u00e1lise: conhe\u00e7a o smartwatch com um pre\u00e7o inacredit\u00e1vel<\/a><\/li>\n\t\t<li class=\"wsp-post\"><a href=\"https:\/\/digitogy.com\/pt-br\/the-photostick-mobile-analise\/\">The PhotoStick Mobile An\u00e1lise: Vale a pena comprar em 2026?<\/a><\/li>\n\t\t<li class=\"wsp-post\"><a href=\"https:\/\/digitogy.com\/pt-br\/properfocus-analise\/\">ProperFocus: o \u00f3culos inteligente para diferentes tipos de vis\u00e3o<\/a><\/li>\n\t\t<li class=\"wsp-post\"><a href=\"https:\/\/digitogy.com\/pt-br\/usmile-pro-analise\/\">uSmile Pro: clareamento dos seus dentes com um gadget!<\/a><\/li>\n\t\t<li class=\"wsp-post\"><a href=\"https:\/\/digitogy.com\/pt-br\/gx-smartwatch-analise\/\">Gx SmartWatch an\u00e1lise: conhe\u00e7a esse excelente rel\u00f3gio inteligente!<\/a><\/li>\n\t\t<li class=\"wsp-post\"><a href=\"https:\/\/digitogy.com\/pt-br\/wifi-ultraboost-analise\/\">WiFi UltraBoost an\u00e1lise 2026: Conhe\u00e7a esse incr\u00edvel repetidor WiFi<\/a><\/li>\n\t\t<li class=\"wsp-post\"><a href=\"https:\/\/digitogy.com\/pt-br\/drone-x-pro-analise\/\">Drone X Pro &#8211; o seu novo parceiro de aventuras!<\/a><\/li>\n\t\t<li class=\"wsp-post\"><a href=\"https:\/\/digitogy.com\/pt-br\/barxstop-analise\/\">BarxStop an\u00e1lise: conhe\u00e7a um gadget para se proteger de c\u00e3es<\/a><\/li>\n\t\t<li class=\"wsp-post\"><a href=\"https:\/\/digitogy.com\/pt-br\/coolair-analise\/\">CoolAir: descubra se o CoolAir \u00e9 bom e funciona<\/a><\/li>\n\t\t<li class=\"wsp-post\"><a href=\"https:\/\/digitogy.com\/pt-br\/react-chargehub-analise\/\">React Chargehub an\u00e1lise: tudo o que voc\u00ea precisa saber sobre essa ferramenta!<\/a><\/li>\n\t\t<li class=\"wsp-post\"><a href=\"https:\/\/digitogy.com\/pt-br\/sleep-connection-analise\/\">Sleep Connection an\u00e1lise: uma pulseira para acabar com seu ronco<\/a><\/li>\n\t\t<li class=\"wsp-post\"><a href=\"https:\/\/digitogy.com\/pt-br\/signal-relief-analise\/\">Signal Relief: tudo o que voc\u00ea precisa saber sobre esse dispositivo<\/a><\/li>\n\t\t<li class=\"wsp-post\"><a href=\"https:\/\/digitogy.com\/pt-br\/smartdot-analise\/\">SmartDOT revis\u00e3o 2026: o adesivo Smart DOTs EMF funciona mesmo?<\/a><\/li>\n\t\t<li class=\"wsp-post\"><a href=\"https:\/\/digitogy.com\/pt-br\/kailo\/\">Kailo Adesivo 2026: tecnologia de ponta em um adesivo contra a dor<\/a><\/li>\n\t\t<li class=\"wsp-post\"><a href=\"https:\/\/digitogy.com\/pt-br\/the-photo-stick-analise\/\">ThePhotoStick: Ele realmente funciona? Minha avalia\u00e7\u00e3o 2026<\/a><\/li>\n\t\t<li class=\"wsp-post\"><a href=\"https:\/\/digitogy.com\/pt-br\/neck-hammock\/\">Neck Hammock 2026: essa rede para aliviar a dor no pesco\u00e7o funciona?<\/a><\/li>\n\t\t<li class=\"wsp-post\"><a href=\"https:\/\/digitogy.com\/pt-br\/cola-bondic\/\">An\u00e1lise 2026: a cola Bondic \u00e9 a melhor cola instant\u00e2nea ou n\u00e3o?<\/a><\/li>\n\t\t<li class=\"wsp-post\"><a href=\"https:\/\/digitogy.com\/pt-br\/aculief\/\">Aculief An\u00e1lise 2026: Um rem\u00e9dio natural para ajudar na sua enxaqueca<\/a><\/li>\n<\/ul><\/li>\n<\/ul>\n<\/div>\n","protected":false},"excerpt":{"rendered":"","protected":false},"author":35,"featured_media":0,"parent":0,"menu_order":0,"comment_status":"closed","ping_status":"closed","template":"","meta":{"om_disable_all_campaigns":false,"footnotes":""},"sgf-content-tag":[217,256],"sgf-seo-push":[],"class_list":["post-12226","page","type-page","status-publish","hentry"],"yoast_head":"<!-- This site is optimized with the Yoast SEO plugin v24.9 - https:\/\/yoast.com\/wordpress\/plugins\/seo\/ -->\n<title>Mapa do site | Digitogy.com<\/title>\n<meta name=\"description\" content=\"Diversamente dall&#039;altra sitemap, questa pagina \u00e8 per coloro che hanno bisogno di un elenco delle pagine e degli articoli del sito. Qui non troverai nessuna foto.\" \/>\n<meta name=\"robots\" content=\"index, follow, max-snippet:-1, max-image-preview:large, max-video-preview:-1\" \/>\n<link rel=\"canonical\" href=\"https:\/\/digitogy.com\/pt-br\/mapa-do-site\/\" \/>\n<meta property=\"og:locale\" content=\"pt_BR\" \/>\n<meta property=\"og:type\" content=\"article\" \/>\n<meta property=\"og:title\" content=\"Mapa do site | Digitogy.com\" \/>\n<meta property=\"og:description\" content=\"Diversamente dall&#039;altra sitemap, questa pagina \u00e8 per coloro che hanno bisogno di un elenco delle pagine e degli articoli del sito. Qui non troverai nessuna foto.\" \/>\n<meta property=\"og:url\" content=\"https:\/\/digitogy.com\/pt-br\/mapa-do-site\/\" \/>\n<meta property=\"og:site_name\" content=\"Digitogy.com\" \/>\n<meta property=\"article:publisher\" content=\"https:\/\/www.facebook.com\/digitogy\" \/>\n<meta property=\"article:modified_time\" content=\"2021-12-28T08:45:50+00:00\" \/>\n<meta name=\"twitter:card\" content=\"summary_large_image\" \/>\n<!-- \/ Yoast SEO plugin. -->","yoast_head_json":{"title":"Mapa do site | Digitogy.com","description":"Diversamente dall'altra sitemap, questa pagina \u00e8 per coloro che hanno bisogno di un elenco delle pagine e degli articoli del sito. Qui non troverai nessuna foto.","robots":{"index":"index","follow":"follow","max-snippet":"max-snippet:-1","max-image-preview":"max-image-preview:large","max-video-preview":"max-video-preview:-1"},"canonical":"https:\/\/digitogy.com\/pt-br\/mapa-do-site\/","og_locale":"pt_BR","og_type":"article","og_title":"Mapa do site | Digitogy.com","og_description":"Diversamente dall'altra sitemap, questa pagina \u00e8 per coloro che hanno bisogno di un elenco delle pagine e degli articoli del sito. Qui non troverai nessuna foto.","og_url":"https:\/\/digitogy.com\/pt-br\/mapa-do-site\/","og_site_name":"Digitogy.com","article_publisher":"https:\/\/www.facebook.com\/digitogy","article_modified_time":"2021-12-28T08:45:50+00:00","twitter_card":"summary_large_image","schema":{"@context":"https:\/\/schema.org","@graph":[{"@type":"WebPage","@id":"https:\/\/digitogy.com\/pt-br\/mapa-do-site\/","url":"https:\/\/digitogy.com\/pt-br\/mapa-do-site\/","name":"Mapa do site | Digitogy.com","isPartOf":{"@id":"https:\/\/digitogy.com\/pt-br\/#website"},"datePublished":"2020-07-03T03:53:57+00:00","dateModified":"2021-12-28T08:45:50+00:00","description":"Diversamente dall'altra sitemap, questa pagina \u00e8 per coloro che hanno bisogno di un elenco delle pagine e degli articoli del sito. Qui non troverai nessuna foto.","breadcrumb":{"@id":"https:\/\/digitogy.com\/pt-br\/mapa-do-site\/#breadcrumb"},"inLanguage":"pt-BR","potentialAction":[{"@type":"ReadAction","target":["https:\/\/digitogy.com\/pt-br\/mapa-do-site\/"]}]},{"@type":"BreadcrumbList","@id":"https:\/\/digitogy.com\/pt-br\/mapa-do-site\/#breadcrumb","itemListElement":[{"@type":"ListItem","position":1,"name":"Home","item":"https:\/\/digitogy.com\/pt-br\/"},{"@type":"ListItem","position":2,"name":"Mapa do site"}]},{"@type":"WebSite","@id":"https:\/\/digitogy.com\/pt-br\/#website","url":"https:\/\/digitogy.com\/pt-br\/","name":"Digitogy.com","description":"Digital Technology Magazine","publisher":{"@id":"https:\/\/digitogy.com\/pt-br\/#organization"},"potentialAction":[{"@type":"SearchAction","target":{"@type":"EntryPoint","urlTemplate":"https:\/\/digitogy.com\/pt-br\/?s={search_term_string}"},"query-input":{"@type":"PropertyValueSpecification","valueRequired":true,"valueName":"search_term_string"}}],"inLanguage":"pt-BR"},{"@type":"Organization","@id":"https:\/\/digitogy.com\/pt-br\/#organization","name":"Digitogy.com","url":"https:\/\/digitogy.com\/pt-br\/","logo":{"@type":"ImageObject","inLanguage":"pt-BR","@id":"https:\/\/digitogy.com\/pt-br\/#\/schema\/logo\/image\/","url":"https:\/\/digitogy.com\/wp-content\/uploads\/2018\/09\/digitogy.png","contentUrl":"https:\/\/digitogy.com\/wp-content\/uploads\/2018\/09\/digitogy.png","width":150,"height":42,"caption":"Digitogy.com"},"image":{"@id":"https:\/\/digitogy.com\/pt-br\/#\/schema\/logo\/image\/"},"sameAs":["https:\/\/www.facebook.com\/digitogy","https:\/\/www.youtube.com\/channel\/UCxnYJov4KOmHIMt5TbhNsnQ?sub_confirmation=1"]}]}},"_links":{"self":[{"href":"https:\/\/digitogy.com\/pt-br\/wp-json\/wp\/v2\/pages\/12226","targetHints":{"allow":["GET"]}}],"collection":[{"href":"https:\/\/digitogy.com\/pt-br\/wp-json\/wp\/v2\/pages"}],"about":[{"href":"https:\/\/digitogy.com\/pt-br\/wp-json\/wp\/v2\/types\/page"}],"author":[{"embeddable":true,"href":"https:\/\/digitogy.com\/pt-br\/wp-json\/wp\/v2\/users\/35"}],"replies":[{"embeddable":true,"href":"https:\/\/digitogy.com\/pt-br\/wp-json\/wp\/v2\/comments?post=12226"}],"version-history":[{"count":1,"href":"https:\/\/digitogy.com\/pt-br\/wp-json\/wp\/v2\/pages\/12226\/revisions"}],"predecessor-version":[{"id":12235,"href":"https:\/\/digitogy.com\/pt-br\/wp-json\/wp\/v2\/pages\/12226\/revisions\/12235"}],"wp:attachment":[{"href":"https:\/\/digitogy.com\/pt-br\/wp-json\/wp\/v2\/media?parent=12226"}],"wp:term":[{"taxonomy":"sgf-content-tag","embeddable":true,"href":"https:\/\/digitogy.com\/pt-br\/wp-json\/wp\/v2\/sgf-content-tag?post=12226"},{"taxonomy":"sgf-seo-push","embeddable":true,"href":"https:\/\/digitogy.com\/pt-br\/wp-json\/wp\/v2\/sgf-seo-push?post=12226"}],"curies":[{"name":"wp","href":"https:\/\/api.w.org\/{rel}","templated":true}]}}