{"id":12223,"date":"2020-07-03T03:47:05","date_gmt":"2020-07-03T03:47:05","guid":{"rendered":"https:\/\/digitogy.com\/politica-de-privacidade\/"},"modified":"2023-07-27T03:56:43","modified_gmt":"2023-07-27T07:56:43","slug":"politica-de-privacidade","status":"publish","type":"page","link":"https:\/\/digitogy.com\/pt-br\/politica-de-privacidade\/","title":{"rendered":"Pol\u00edtica de Privacidade"},"content":{"rendered":"<p>Esta pol\u00edtica de privacidade do site descreve como o <a href=\"https:\/\/digitogy.com\/\">Digitogy.com<\/a> protege e faz uso das informa\u00e7\u00f5es fornecidas \u00e0 empresa quando voc\u00ea usa este site.<\/p>\n<p>Se voc\u00ea for solicitado a fornecer informa\u00e7\u00f5es ao usar este site, ele ser\u00e1 usado apenas nas formas descritas nesta pol\u00edtica de privacidade.<\/p>\n<p>Esta pol\u00edtica \u00e9 atualizada de tempos em tempos. A \u00faltima vers\u00e3o \u00e9 publicada nesta p\u00e1gina.<\/p>\n<p>Esta pol\u00edtica de privacidade do site foi atualizada em: <strong>11\/06\/2018<\/strong><\/p>\n<p>Se voc\u00ea tiver alguma d\u00favida sobre esta pol\u00edtica, envie um e-mail para <a href=\"mailto:info@digitogy.com\" target=\"_blank\" rel=\"noopener nofollow noreferrer\">info@digitogy.com<\/a>.<\/p>\n<h2>Introdu\u00e7\u00e3o<\/h2>\n<p>Reunimos e usamos certas informa\u00e7\u00f5es sobre indiv\u00edduos para fornecer produtos e servi\u00e7os e para habilitar determinadas fun\u00e7\u00f5es neste site.<\/p>\n<p>Tamb\u00e9m coletamos informa\u00e7\u00f5es para entender melhor como os visitantes usam esse site e para apresentar informa\u00e7\u00f5es relevantes e oportunas a eles.<\/p>\n<h2>Quais dados n\u00f3s coletamos<\/h2>\n<p>Podemos coletar as seguintes informa\u00e7\u00f5es:<\/p>\n<ul>\n<li>Nome e cargo<\/li>\n<li>Informa\u00e7\u00f5es de contato, incluindo endere\u00e7o de e-mail<\/li>\n<li>Informa\u00e7\u00f5es demogr\u00e1ficas, como c\u00f3digo postal, prefer\u00eancias e interesses<\/li>\n<li>Dados de uso do site<\/li>\n<li>Outras informa\u00e7\u00f5es relevantes para solicita\u00e7\u00f5es de clientes<\/li>\n<li>Outras informa\u00e7\u00f5es relativas a ofertas especiais e pesquisas<\/li>\n<\/ul>\n<h2>Como usamos esses dados<\/h2>\n<p>A coleta desses dados nos ajuda a entender o que voc\u00ea est\u00e1 procurando na empresa, o que nos permite oferecer produtos e servi\u00e7os aprimorados.<\/p>\n<p>Especificamente, podemos usar dados:<\/p>\n<ul>\n<li>Para nossos pr\u00f3prios registros internos.<\/li>\n<li>Melhorar os produtos e servi\u00e7os que fornecemos.<\/li>\n<li>Para entrar em contato com voc\u00ea em resposta a uma consulta espec\u00edfica.<\/li>\n<li>Para personalizar o site para voc\u00ea.<\/li>\n<li>Para enviar e-mails promocionais sobre produtos, servi\u00e7os, ofertas e outras coisas que consideramos relevantes para voc\u00ea.<\/li>\n<li>Para enviar correspond\u00eancias promocionais ou ligar para voc\u00ea sobre produtos, servi\u00e7os, ofertas e outras coisas que consideramos relevantes para voc\u00ea.<\/li>\n<li>Para contat\u00e1-lo via e-mail, telefone ou correio, por motivos de pesquisa de mercado.<\/li>\n<\/ul>\n<h2>Cookies e como os usamos<\/h2>\n<h3>O que \u00e9 um cookie?<\/h3>\n<p>Um cookie \u00e9 um pequeno arquivo colocado no disco r\u00edgido do seu computador. Permite que o nosso site identifique o seu computador enquanto visualiza diferentes p\u00e1ginas no nosso site.<\/p>\n<p>Os cookies permitem que sites e aplicativos armazenem suas prefer\u00eancias para apresentar conte\u00fado, op\u00e7\u00f5es ou fun\u00e7\u00f5es espec\u00edficas para voc\u00ea. Eles tamb\u00e9m nos permitem ver informa\u00e7\u00f5es como quantas pessoas usam o site e quais p\u00e1ginas elas costumam visitar.<\/p>\n<h3>Como usamos cookies<\/h3>\n<p>Podemos usar cookies para:<\/p>\n<ul>\n<li><strong>Analisar nosso tr\u00e1fego da web usando um pacote de an\u00e1lise<\/strong>. Os dados agregados de uso nos ajudam a melhorar a estrutura, design, conte\u00fado e fun\u00e7\u00f5es do site.<\/li>\n<li><strong>Identificar se voc\u00ea est\u00e1 conectado ao nosso site<\/strong>. Um cookie nos permite verificar se voc\u00ea est\u00e1 conectado ao site.<\/li>\n<li><strong>Testar o conte\u00fado em nosso site<\/strong>. Por exemplo, 50% dos nossos usu\u00e1rios podem ver um conte\u00fado, e os outros 50%, um conte\u00fado diferente.<\/li>\n<li><strong>Armazenar informa\u00e7\u00f5es sobre suas prefer\u00eancias<\/strong>. O site pode, ent\u00e3o, apresentar informa\u00e7\u00f5es que voc\u00ea achar\u00e1 mais relevantes e interessantes.<\/li>\n<li><strong>Reconhecer quando voc\u00ea retornar ao nosso site<\/strong>. Podemos mostrar seu conte\u00fado relevante ou fornecer a funcionalidade que voc\u00ea usou anteriormente.<br \/>\nOs cookies n\u00e3o nos fornecem acesso ao seu computador ou qualquer informa\u00e7\u00e3o sobre voc\u00ea, al\u00e9m da que voc\u00ea escolhe compartilhar conosco.<\/li>\n<\/ul>\n<h3>Controlando cookies<\/h3>\n<p>Voc\u00ea pode usar as configura\u00e7\u00f5es de cookies do seu navegador para determinar como o nosso site usa cookies. Se voc\u00ea n\u00e3o deseja que nosso site armazene cookies no seu computador ou dispositivo, voc\u00ea deve configurar seu navegador para recusar cookies.<\/p>\n<p>No entanto, observe que isso pode afetar o funcionamento do site. Algumas p\u00e1ginas e servi\u00e7os podem ficar indispon\u00edveis para voc\u00ea.<\/p>\n<p>A menos que voc\u00ea tenha alterado seu navegador para recusar cookies, nosso site ir\u00e1 emitir cookies quando voc\u00ea o visitar.<\/p>\n<p>Para saber mais sobre cookies e como eles s\u00e3o usados, visite <a href=\"http:\/\/www.allaboutcookies.org\/\" target=\"_blank\" rel=\"noopener nofollow noreferrer\">Tudo sobre cookies<\/a>.<\/p>\n<h2>Controlando informa\u00e7\u00f5es sobre voc\u00ea<\/h2>\n<p>Quando voc\u00ea preencher um formul\u00e1rio ou fornecer seus dados em nosso site, voc\u00ea ver\u00e1 uma ou mais caixas de sele\u00e7\u00e3o permitindo que voc\u00ea:<\/p>\n<ul>\n<li>Inscreva-se para receber nossas comunica\u00e7\u00f5es de marketing por e-mail, telefone, mensagem de texto ou postagem.<\/li>\n<li>Opte por receber comunica\u00e7\u00f5es de marketing de nossos parceiros terceirizados por e-mail, telefone, mensagem de texto ou postagem.<\/li>\n<\/ul>\n<p>Se voc\u00ea concordou que podemos usar suas informa\u00e7\u00f5es para fins de marketing, voc\u00ea pode mudar de ideia facilmente, atrav\u00e9s de um e-mail para <a href=\"mailto:info@digitogy.com\" target=\"_blank\" rel=\"noopener nofollow noreferrer\">info@digitogy.com<\/a>.<br \/>\nNunca iremos alugar, distribuir ou vender suas informa\u00e7\u00f5es pessoais a terceiros, a menos que tenhamos sua permiss\u00e3o ou a lei exigir que o fa\u00e7amos.<\/p>\n<p>Qualquer informa\u00e7\u00e3o pessoal que tenhamos sobre voc\u00ea \u00e9 armazenada e processada de acordo com nossa pol\u00edtica de prote\u00e7\u00e3o de dados, de acordo com a Lei de Prote\u00e7\u00e3o de Dados de 1998.<\/p>\n<h2>Seguran\u00e7a<\/h2>\n<p>N\u00f3s sempre manteremos suas informa\u00e7\u00f5es seguras.<\/p>\n<p>Para impedir a divulga\u00e7\u00e3o n\u00e3o autorizada ou o acesso \u00e0s suas informa\u00e7\u00f5es, implementamos fortes prote\u00e7\u00f5es de seguran\u00e7a f\u00edsicas e eletr\u00f4nicas.<\/p>\n<p>Tamb\u00e9m seguimos procedimentos rigorosos para garantir que trabalhamos com dados pessoais de acordo com a Lei de Prote\u00e7\u00e3o de Dados de 1998.<\/p>\n<h2>Amazon Affiliate Disclaimer<\/h2>\n<p>O propriet\u00e1rio deste site \u00e9 participante do Programa de Associados da Amazon Services LLC, um programa de publicidade de afiliados desenvolvido para fornecer meios para que os sites obtenham taxas de publicidade com publicidade e links para propriedades da Amazon, incluindo, entre outras, a amazon.com, endless.com, myhabit.com, smallparts.com ou amazonwireless.com.<\/p>\n<h2>Links do nosso site<\/h2>\n<p>Nosso site pode conter links para outros sites.<\/p>\n<p>Por favor, note que n\u00e3o temos controle de sites fora do dom\u00ednio <a href=\"https:\/\/digitogy.com\/\">Digitogy.com<\/a>. Se voc\u00ea fornecer informa\u00e7\u00f5es para um site para o qual vinculamos, n\u00e3o nos responsabilizamos por sua prote\u00e7\u00e3o e privacidade. Sempre seja cauteloso ao enviar dados para sites. Leia completamente as pol\u00edticas de privacidade e prote\u00e7\u00e3o de dados do site que voc\u00ea coloca seus dados.<\/p>\n","protected":false},"excerpt":{"rendered":"<p>Esta pol\u00edtica de privacidade do site descreve como o Digitogy.com protege e faz uso das informa\u00e7\u00f5es fornecidas \u00e0 empresa quando voc\u00ea usa este site. Se voc\u00ea for solicitado a fornecer informa\u00e7\u00f5es ao usar este site, ele ser\u00e1 usado apenas nas formas descritas nesta pol\u00edtica de privacidade. Esta pol\u00edtica \u00e9 atualizada de tempos em tempos. A [&hellip;]<\/p>\n","protected":false},"author":35,"featured_media":0,"parent":0,"menu_order":0,"comment_status":"closed","ping_status":"closed","template":"","meta":{"om_disable_all_campaigns":false,"footnotes":""},"sgf-content-tag":[217,255],"sgf-seo-push":[],"class_list":["post-12223","page","type-page","status-publish","hentry"],"yoast_head":"<!-- This site is optimized with the Yoast SEO plugin v24.9 - https:\/\/yoast.com\/wordpress\/plugins\/seo\/ -->\n<title>Pol\u00edtica de Privacidade | Digitogy.com<\/title>\n<meta name=\"description\" content=\"Esta pol\u00edtica de privacidade do site descreve como o Digitogy.com protege e faz uso das informa\u00e7\u00f5es fornecidas \u00e0 empresa quando voc\u00ea usa este site. Se\" \/>\n<meta name=\"robots\" content=\"index, follow, max-snippet:-1, max-image-preview:large, max-video-preview:-1\" \/>\n<link rel=\"canonical\" href=\"https:\/\/digitogy.com\/pt-br\/politica-de-privacidade\/\" \/>\n<meta property=\"og:locale\" content=\"pt_BR\" \/>\n<meta property=\"og:type\" content=\"article\" \/>\n<meta property=\"og:title\" content=\"Pol\u00edtica de Privacidade | Digitogy.com\" \/>\n<meta property=\"og:description\" content=\"Esta pol\u00edtica de privacidade do site descreve como o Digitogy.com protege e faz uso das informa\u00e7\u00f5es fornecidas \u00e0 empresa quando voc\u00ea usa este site. Se\" \/>\n<meta property=\"og:url\" content=\"https:\/\/digitogy.com\/pt-br\/politica-de-privacidade\/\" \/>\n<meta property=\"og:site_name\" content=\"Digitogy.com\" \/>\n<meta property=\"article:publisher\" content=\"https:\/\/www.facebook.com\/digitogy\" \/>\n<meta property=\"article:modified_time\" content=\"2023-07-27T07:56:43+00:00\" \/>\n<meta name=\"twitter:card\" content=\"summary_large_image\" \/>\n<!-- \/ Yoast SEO plugin. -->","yoast_head_json":{"title":"Pol\u00edtica de Privacidade | Digitogy.com","description":"Esta pol\u00edtica de privacidade do site descreve como o Digitogy.com protege e faz uso das informa\u00e7\u00f5es fornecidas \u00e0 empresa quando voc\u00ea usa este site. Se","robots":{"index":"index","follow":"follow","max-snippet":"max-snippet:-1","max-image-preview":"max-image-preview:large","max-video-preview":"max-video-preview:-1"},"canonical":"https:\/\/digitogy.com\/pt-br\/politica-de-privacidade\/","og_locale":"pt_BR","og_type":"article","og_title":"Pol\u00edtica de Privacidade | Digitogy.com","og_description":"Esta pol\u00edtica de privacidade do site descreve como o Digitogy.com protege e faz uso das informa\u00e7\u00f5es fornecidas \u00e0 empresa quando voc\u00ea usa este site. Se","og_url":"https:\/\/digitogy.com\/pt-br\/politica-de-privacidade\/","og_site_name":"Digitogy.com","article_publisher":"https:\/\/www.facebook.com\/digitogy","article_modified_time":"2023-07-27T07:56:43+00:00","twitter_card":"summary_large_image","schema":{"@context":"https:\/\/schema.org","@graph":[{"@type":"WebPage","@id":"https:\/\/digitogy.com\/pt-br\/politica-de-privacidade\/","url":"https:\/\/digitogy.com\/pt-br\/politica-de-privacidade\/","name":"Pol\u00edtica de Privacidade | Digitogy.com","isPartOf":{"@id":"https:\/\/digitogy.com\/pt-br\/#website"},"datePublished":"2020-07-03T03:47:05+00:00","dateModified":"2023-07-27T07:56:43+00:00","description":"Esta pol\u00edtica de privacidade do site descreve como o Digitogy.com protege e faz uso das informa\u00e7\u00f5es fornecidas \u00e0 empresa quando voc\u00ea usa este site. Se","breadcrumb":{"@id":"https:\/\/digitogy.com\/pt-br\/politica-de-privacidade\/#breadcrumb"},"inLanguage":"pt-BR","potentialAction":[{"@type":"ReadAction","target":["https:\/\/digitogy.com\/pt-br\/politica-de-privacidade\/"]}]},{"@type":"BreadcrumbList","@id":"https:\/\/digitogy.com\/pt-br\/politica-de-privacidade\/#breadcrumb","itemListElement":[{"@type":"ListItem","position":1,"name":"Home","item":"https:\/\/digitogy.com\/pt-br\/"},{"@type":"ListItem","position":2,"name":"Pol\u00edtica de Privacidade"}]},{"@type":"WebSite","@id":"https:\/\/digitogy.com\/pt-br\/#website","url":"https:\/\/digitogy.com\/pt-br\/","name":"Digitogy.com","description":"Digital Technology Magazine","publisher":{"@id":"https:\/\/digitogy.com\/pt-br\/#organization"},"potentialAction":[{"@type":"SearchAction","target":{"@type":"EntryPoint","urlTemplate":"https:\/\/digitogy.com\/pt-br\/?s={search_term_string}"},"query-input":{"@type":"PropertyValueSpecification","valueRequired":true,"valueName":"search_term_string"}}],"inLanguage":"pt-BR"},{"@type":"Organization","@id":"https:\/\/digitogy.com\/pt-br\/#organization","name":"Digitogy.com","url":"https:\/\/digitogy.com\/pt-br\/","logo":{"@type":"ImageObject","inLanguage":"pt-BR","@id":"https:\/\/digitogy.com\/pt-br\/#\/schema\/logo\/image\/","url":"https:\/\/digitogy.com\/wp-content\/uploads\/2018\/09\/digitogy.png","contentUrl":"https:\/\/digitogy.com\/wp-content\/uploads\/2018\/09\/digitogy.png","width":150,"height":42,"caption":"Digitogy.com"},"image":{"@id":"https:\/\/digitogy.com\/pt-br\/#\/schema\/logo\/image\/"},"sameAs":["https:\/\/www.facebook.com\/digitogy","https:\/\/www.youtube.com\/channel\/UCxnYJov4KOmHIMt5TbhNsnQ?sub_confirmation=1"]}]}},"_links":{"self":[{"href":"https:\/\/digitogy.com\/pt-br\/wp-json\/wp\/v2\/pages\/12223","targetHints":{"allow":["GET"]}}],"collection":[{"href":"https:\/\/digitogy.com\/pt-br\/wp-json\/wp\/v2\/pages"}],"about":[{"href":"https:\/\/digitogy.com\/pt-br\/wp-json\/wp\/v2\/types\/page"}],"author":[{"embeddable":true,"href":"https:\/\/digitogy.com\/pt-br\/wp-json\/wp\/v2\/users\/35"}],"replies":[{"embeddable":true,"href":"https:\/\/digitogy.com\/pt-br\/wp-json\/wp\/v2\/comments?post=12223"}],"version-history":[{"count":3,"href":"https:\/\/digitogy.com\/pt-br\/wp-json\/wp\/v2\/pages\/12223\/revisions"}],"predecessor-version":[{"id":30743,"href":"https:\/\/digitogy.com\/pt-br\/wp-json\/wp\/v2\/pages\/12223\/revisions\/30743"}],"wp:attachment":[{"href":"https:\/\/digitogy.com\/pt-br\/wp-json\/wp\/v2\/media?parent=12223"}],"wp:term":[{"taxonomy":"sgf-content-tag","embeddable":true,"href":"https:\/\/digitogy.com\/pt-br\/wp-json\/wp\/v2\/sgf-content-tag?post=12223"},{"taxonomy":"sgf-seo-push","embeddable":true,"href":"https:\/\/digitogy.com\/pt-br\/wp-json\/wp\/v2\/sgf-seo-push?post=12223"}],"curies":[{"name":"wp","href":"https:\/\/api.w.org\/{rel}","templated":true}]}}